{"id":4954,"date":"2022-04-11T04:41:59","date_gmt":"2022-04-11T04:41:59","guid":{"rendered":"https:\/\/colonos.eco.br\/variedadesdositio\/?post_type=product&#038;p=4954"},"modified":"2025-06-18T12:12:20","modified_gmt":"2025-06-18T17:12:20","slug":"inhame","status":"publish","type":"product","link":"https:\/\/colonos.eco.br\/variedadesdositio\/produto\/inhame\/","title":{"rendered":"Inhame"},"content":{"rendered":"<p>Costuma ser um alimento pequeno, robusto e do tamanho de uma batata-doce. Sua casca \u00e9 marrom e cheia de fiapos. O tub\u00e9rculo fornece bastante energia e cada 100 g cont\u00e9m cerca de 97 calorias. \u00c9 composto principalmente de carboidratos complexos e fibras sol\u00faveis. \u00c9 uma excelente fonte de vitaminas do complexo B, como vitamina B6, vitamina B1, riboflavina, \u00e1cido f\u00f3lico e niacina.<\/p>\n","protected":false},"excerpt":{"rendered":"<p>As cores do alimento variam podendo ser encontrado nas tonalidades marfim, amarela e roxa.<\/p>\n","protected":false},"featured_media":6698,"template":"","meta":[],"product_brand":[],"product_cat":[153],"product_tag":[155,154],"class_list":{"0":"post-4954","1":"product","2":"type-product","3":"status-publish","4":"has-post-thumbnail","6":"product_cat-verduras-legumes","7":"product_tag-batata","8":"product_tag-tuberculos","10":"first","11":"instock","12":"shipping-taxable","13":"product-type-variable"},"_links":{"self":[{"href":"https:\/\/colonos.eco.br\/variedadesdositio\/wp-json\/wp\/v2\/product\/4954","targetHints":{"allow":["GET"]}}],"collection":[{"href":"https:\/\/colonos.eco.br\/variedadesdositio\/wp-json\/wp\/v2\/product"}],"about":[{"href":"https:\/\/colonos.eco.br\/variedadesdositio\/wp-json\/wp\/v2\/types\/product"}],"wp:featuredmedia":[{"embeddable":true,"href":"https:\/\/colonos.eco.br\/variedadesdositio\/wp-json\/wp\/v2\/media\/6698"}],"wp:attachment":[{"href":"https:\/\/colonos.eco.br\/variedadesdositio\/wp-json\/wp\/v2\/media?parent=4954"}],"wp:term":[{"taxonomy":"product_brand","embeddable":true,"href":"https:\/\/colonos.eco.br\/variedadesdositio\/wp-json\/wp\/v2\/product_brand?post=4954"},{"taxonomy":"product_cat","embeddable":true,"href":"https:\/\/colonos.eco.br\/variedadesdositio\/wp-json\/wp\/v2\/product_cat?post=4954"},{"taxonomy":"product_tag","embeddable":true,"href":"https:\/\/colonos.eco.br\/variedadesdositio\/wp-json\/wp\/v2\/product_tag?post=4954"}],"curies":[{"name":"wp","href":"https:\/\/api.w.org\/{rel}","templated":true}]}}