{"id":4955,"date":"2022-04-11T04:42:00","date_gmt":"2022-04-11T04:42:00","guid":{"rendered":"https:\/\/colonos.eco.br\/variedadesdositio\/?post_type=product&#038;p=4955"},"modified":"2025-06-18T12:12:52","modified_gmt":"2025-06-18T17:12:52","slug":"limao-japones-em-conserva","status":"publish","type":"product","link":"https:\/\/colonos.eco.br\/variedadesdositio\/produto\/limao-japones-em-conserva\/","title":{"rendered":"Lim\u00e3o japon\u00eas em conserva"},"content":{"rendered":"<p>Apelidado de lim\u00e3o japon\u00eas, \u00e9 rico em vitamina C. Tamb\u00e9m, \u00e9 majoritariamente um carboidrato. Portanto, rende muita energia para atividades f\u00edsicas. Mais, \u00e9 fonte de fibras e vitaminas do complexo B e minerais, como magn\u00e9sio, ferro, zinco e c\u00e1lcio.<\/p>\n","protected":false},"excerpt":{"rendered":"<p>Uma fruta c\u00edtrica, tamb\u00e9m conhecida como lim\u00e3o japon\u00eas. Utilizada em preparos culin\u00e1rios e em pr\u00e1ticas terap\u00eauticas, a fruta se destaca pela extraordin\u00e1ria fragr\u00e2ncia.<\/p>\n","protected":false},"featured_media":5162,"template":"","meta":[],"product_brand":[],"product_cat":[133,111,152],"product_tag":[168,170],"class_list":{"0":"post-4955","1":"product","2":"type-product","3":"status-publish","4":"has-post-thumbnail","6":"product_cat-conservas-picles","7":"product_cat-mercearia","8":"product_cat-polpas-frutas","9":"product_tag-conserva","10":"product_tag-picles","12":"first","13":"instock","14":"shipping-taxable","15":"product-type-variable"},"_links":{"self":[{"href":"https:\/\/colonos.eco.br\/variedadesdositio\/wp-json\/wp\/v2\/product\/4955","targetHints":{"allow":["GET"]}}],"collection":[{"href":"https:\/\/colonos.eco.br\/variedadesdositio\/wp-json\/wp\/v2\/product"}],"about":[{"href":"https:\/\/colonos.eco.br\/variedadesdositio\/wp-json\/wp\/v2\/types\/product"}],"wp:featuredmedia":[{"embeddable":true,"href":"https:\/\/colonos.eco.br\/variedadesdositio\/wp-json\/wp\/v2\/media\/5162"}],"wp:attachment":[{"href":"https:\/\/colonos.eco.br\/variedadesdositio\/wp-json\/wp\/v2\/media?parent=4955"}],"wp:term":[{"taxonomy":"product_brand","embeddable":true,"href":"https:\/\/colonos.eco.br\/variedadesdositio\/wp-json\/wp\/v2\/product_brand?post=4955"},{"taxonomy":"product_cat","embeddable":true,"href":"https:\/\/colonos.eco.br\/variedadesdositio\/wp-json\/wp\/v2\/product_cat?post=4955"},{"taxonomy":"product_tag","embeddable":true,"href":"https:\/\/colonos.eco.br\/variedadesdositio\/wp-json\/wp\/v2\/product_tag?post=4955"}],"curies":[{"name":"wp","href":"https:\/\/api.w.org\/{rel}","templated":true}]}}