{"id":4956,"date":"2022-04-11T04:42:00","date_gmt":"2022-04-11T04:42:00","guid":{"rendered":"https:\/\/colonos.eco.br\/variedadesdositio\/produto\/granola\/"},"modified":"2025-06-18T12:12:20","modified_gmt":"2025-06-18T17:12:20","slug":"granola","status":"publish","type":"product","link":"https:\/\/colonos.eco.br\/variedadesdositio\/produto\/granola\/","title":{"rendered":"Granola"},"content":{"rendered":"<p>A granola \u00e9 basicamente um mix de cereais (aveia, farelo de trigo, g\u00e9rmen de trigo, floco de arroz e floco de milho), de frutas secas (banana passa e uva) e oleaginosas (am\u00eandoas, castanhas e nozes). Por isso, ela pode ser considerada fonte prioritariamente de carboidratos, tendo a fun\u00e7\u00e3o principal de fornecer a energia necess\u00e1ria para o corpo, e de fibras.<\/p>\n","protected":false},"excerpt":{"rendered":"<p>A granola consiste em uma mistura de frutas secas, gr\u00e3os.<\/p>\n","protected":false},"featured_media":8148,"template":"","meta":[],"product_brand":[],"product_cat":[111],"product_tag":[163],"class_list":{"0":"post-4956","1":"product","2":"type-product","3":"status-publish","4":"has-post-thumbnail","6":"product_cat-mercearia","7":"product_tag-cereais","9":"first","10":"instock","11":"shipping-taxable","12":"product-type-simple"},"_links":{"self":[{"href":"https:\/\/colonos.eco.br\/variedadesdositio\/wp-json\/wp\/v2\/product\/4956","targetHints":{"allow":["GET"]}}],"collection":[{"href":"https:\/\/colonos.eco.br\/variedadesdositio\/wp-json\/wp\/v2\/product"}],"about":[{"href":"https:\/\/colonos.eco.br\/variedadesdositio\/wp-json\/wp\/v2\/types\/product"}],"wp:featuredmedia":[{"embeddable":true,"href":"https:\/\/colonos.eco.br\/variedadesdositio\/wp-json\/wp\/v2\/media\/8148"}],"wp:attachment":[{"href":"https:\/\/colonos.eco.br\/variedadesdositio\/wp-json\/wp\/v2\/media?parent=4956"}],"wp:term":[{"taxonomy":"product_brand","embeddable":true,"href":"https:\/\/colonos.eco.br\/variedadesdositio\/wp-json\/wp\/v2\/product_brand?post=4956"},{"taxonomy":"product_cat","embeddable":true,"href":"https:\/\/colonos.eco.br\/variedadesdositio\/wp-json\/wp\/v2\/product_cat?post=4956"},{"taxonomy":"product_tag","embeddable":true,"href":"https:\/\/colonos.eco.br\/variedadesdositio\/wp-json\/wp\/v2\/product_tag?post=4956"}],"curies":[{"name":"wp","href":"https:\/\/api.w.org\/{rel}","templated":true}]}}