{"id":4957,"date":"2022-04-11T04:42:00","date_gmt":"2022-04-11T04:42:00","guid":{"rendered":"https:\/\/colonos.eco.br\/variedadesdositio\/produto\/hortela\/"},"modified":"2025-06-18T12:12:20","modified_gmt":"2025-06-18T17:12:20","slug":"hortela","status":"publish","type":"product","link":"https:\/\/colonos.eco.br\/variedadesdositio\/produto\/hortela\/","title":{"rendered":"Hortel\u00e3"},"content":{"rendered":"<p>A hortel\u00e3 comum, conhecida cientificamente como Mentha spicata, \u00e9 uma planta medicinal e arom\u00e1tica, com propriedades que ajudam a tratar problemas digestivos, como m\u00e1 digest\u00e3o, flatul\u00eancia, enjoo ou v\u00f4mitos, por exemplo, mas a hortel\u00e3 tamb\u00e9m tem efeitos calmantes e expectorantes. Uma das principais utiliza\u00e7\u00f5es do ch\u00e1 de hortel\u00e3 \u00e9 para diminuir gases intestinais, tratar-se de um \u00f3timo rem\u00e9dio caseiro para flatul\u00eancia, pois esta planta medicinal possui propriedades anti-espasm\u00f3dicas, diminuindo os movimentos do intestino e evitando a forma\u00e7\u00e3o dos gases e a dor.<\/p>\n","protected":false},"excerpt":{"rendered":"<p>A hortel\u00e3 cont\u00e9m antioxidantes poderosos, vitaminas A, B6, C, E, K, \u00e1cido f\u00f3lico.<\/p>\n","protected":false},"featured_media":5910,"template":"","meta":[],"product_brand":[],"product_cat":[91,111],"product_tag":[178,104],"class_list":{"0":"post-4957","1":"product","2":"type-product","3":"status-publish","4":"has-post-thumbnail","6":"product_cat-ervas-temperos","7":"product_cat-mercearia","8":"product_tag-folha","9":"product_tag-medicinal","11":"first","12":"instock","13":"shipping-taxable","14":"purchasable","15":"product-type-simple"},"_links":{"self":[{"href":"https:\/\/colonos.eco.br\/variedadesdositio\/wp-json\/wp\/v2\/product\/4957","targetHints":{"allow":["GET"]}}],"collection":[{"href":"https:\/\/colonos.eco.br\/variedadesdositio\/wp-json\/wp\/v2\/product"}],"about":[{"href":"https:\/\/colonos.eco.br\/variedadesdositio\/wp-json\/wp\/v2\/types\/product"}],"wp:featuredmedia":[{"embeddable":true,"href":"https:\/\/colonos.eco.br\/variedadesdositio\/wp-json\/wp\/v2\/media\/5910"}],"wp:attachment":[{"href":"https:\/\/colonos.eco.br\/variedadesdositio\/wp-json\/wp\/v2\/media?parent=4957"}],"wp:term":[{"taxonomy":"product_brand","embeddable":true,"href":"https:\/\/colonos.eco.br\/variedadesdositio\/wp-json\/wp\/v2\/product_brand?post=4957"},{"taxonomy":"product_cat","embeddable":true,"href":"https:\/\/colonos.eco.br\/variedadesdositio\/wp-json\/wp\/v2\/product_cat?post=4957"},{"taxonomy":"product_tag","embeddable":true,"href":"https:\/\/colonos.eco.br\/variedadesdositio\/wp-json\/wp\/v2\/product_tag?post=4957"}],"curies":[{"name":"wp","href":"https:\/\/api.w.org\/{rel}","templated":true}]}}