{"id":4958,"date":"2022-04-11T04:42:00","date_gmt":"2022-04-11T04:42:00","guid":{"rendered":"https:\/\/colonos.eco.br\/variedadesdositio\/produto\/inga\/"},"modified":"2025-06-18T12:12:20","modified_gmt":"2025-06-18T17:12:20","slug":"inga","status":"publish","type":"product","link":"https:\/\/colonos.eco.br\/variedadesdositio\/produto\/inga\/","title":{"rendered":"Ing\u00e1"},"content":{"rendered":"<p>O ing\u00e1 \u00e9 uma planta da fam\u00edlia das leguminosas, comum em regi\u00f5es de lagos e rios. O fruto \u00e9 envolvido em uma grande semente, e parece algod\u00e3o. Docinho, tem um sabor marcante e cheiro caracter\u00edstico. Pode chegar a um metro de comprimento.<\/p>\n","protected":false},"excerpt":{"rendered":"<p>O ing\u00e1 \u00e9 O fruto \u00e9 envolvido em uma grande semente, e parece algod\u00e3o.<\/p>\n","protected":false},"featured_media":6179,"template":"","meta":[],"product_brand":[],"product_cat":[152],"product_tag":[166],"class_list":{"0":"post-4958","1":"product","2":"type-product","3":"status-publish","4":"has-post-thumbnail","6":"product_cat-polpas-frutas","7":"product_tag-fruta","9":"first","10":"instock","11":"shipping-taxable","12":"product-type-simple"},"_links":{"self":[{"href":"https:\/\/colonos.eco.br\/variedadesdositio\/wp-json\/wp\/v2\/product\/4958","targetHints":{"allow":["GET"]}}],"collection":[{"href":"https:\/\/colonos.eco.br\/variedadesdositio\/wp-json\/wp\/v2\/product"}],"about":[{"href":"https:\/\/colonos.eco.br\/variedadesdositio\/wp-json\/wp\/v2\/types\/product"}],"wp:featuredmedia":[{"embeddable":true,"href":"https:\/\/colonos.eco.br\/variedadesdositio\/wp-json\/wp\/v2\/media\/6179"}],"wp:attachment":[{"href":"https:\/\/colonos.eco.br\/variedadesdositio\/wp-json\/wp\/v2\/media?parent=4958"}],"wp:term":[{"taxonomy":"product_brand","embeddable":true,"href":"https:\/\/colonos.eco.br\/variedadesdositio\/wp-json\/wp\/v2\/product_brand?post=4958"},{"taxonomy":"product_cat","embeddable":true,"href":"https:\/\/colonos.eco.br\/variedadesdositio\/wp-json\/wp\/v2\/product_cat?post=4958"},{"taxonomy":"product_tag","embeddable":true,"href":"https:\/\/colonos.eco.br\/variedadesdositio\/wp-json\/wp\/v2\/product_tag?post=4958"}],"curies":[{"name":"wp","href":"https:\/\/api.w.org\/{rel}","templated":true}]}}