{"id":4962,"date":"2022-04-11T04:42:00","date_gmt":"2022-04-11T09:42:00","guid":{"rendered":"https:\/\/colonos.eco.br\/variedadesdositio\/produto\/jabuticaba\/"},"modified":"2025-06-18T12:12:20","modified_gmt":"2025-06-18T17:12:20","slug":"jabuticaba","status":"publish","type":"product","link":"https:\/\/colonos.eco.br\/variedadesdositio\/produto\/jabuticaba\/","title":{"rendered":"Jabuticaba"},"content":{"rendered":"<p>A jabuticaba \u00e9 o fruto da jabuticabeira, \u00e1rvore origin\u00e1ria do Brasil, nativa da Mata Atl\u00e2ntica. A jabuticabeira floresce de setembro a dezembro a partir do sexto ano de plantio. Chega a medir 5 m de di\u00e2metro. A fruta \u00e9 pequena, de casca roxa e polpa branca que cont\u00e9m boa quantidade de ferro, vitamina C, carboidratos. Cont\u00e9m tamb\u00e9m vitaminas do complexo B, como a B2 e B3. \u00c9 consumida ao natural e utilizada na prepara\u00e7\u00e3o de vinhos, licores, gel\u00e9ias, sucos, vinagres. Na hora da compra \u00e9 importante observar alguns detalhes como o aspecto firme, a cor brilhante e se n\u00e3o h\u00e1 rachaduras. Devem ser bem lavadas em \u00e1gua corrente, por se tratar de uma fruta que estraga com facilidade lave somente a quantidade que for consumida imediatamente. O per\u00edodo de conserva\u00e7\u00e3o em geladeira \u00e9 de dois a tr\u00eas dias.<\/p>\n","protected":false},"excerpt":{"rendered":"<p>A jabuticaba cont\u00e9m boa quantidade de ferro, vitamina C, carboidratos. Cont\u00e9m tamb\u00e9m vitaminas do complexo B, como a B2 e B3<\/p>\n","protected":false},"featured_media":5916,"template":"","meta":[],"product_brand":[],"product_cat":[152],"product_tag":[166],"class_list":{"0":"post-4962","1":"product","2":"type-product","3":"status-publish","4":"has-post-thumbnail","6":"product_cat-polpas-frutas","7":"product_tag-fruta","9":"first","10":"instock","11":"shipping-taxable","12":"product-type-simple"},"_links":{"self":[{"href":"https:\/\/colonos.eco.br\/variedadesdositio\/wp-json\/wp\/v2\/product\/4962","targetHints":{"allow":["GET"]}}],"collection":[{"href":"https:\/\/colonos.eco.br\/variedadesdositio\/wp-json\/wp\/v2\/product"}],"about":[{"href":"https:\/\/colonos.eco.br\/variedadesdositio\/wp-json\/wp\/v2\/types\/product"}],"wp:featuredmedia":[{"embeddable":true,"href":"https:\/\/colonos.eco.br\/variedadesdositio\/wp-json\/wp\/v2\/media\/5916"}],"wp:attachment":[{"href":"https:\/\/colonos.eco.br\/variedadesdositio\/wp-json\/wp\/v2\/media?parent=4962"}],"wp:term":[{"taxonomy":"product_brand","embeddable":true,"href":"https:\/\/colonos.eco.br\/variedadesdositio\/wp-json\/wp\/v2\/product_brand?post=4962"},{"taxonomy":"product_cat","embeddable":true,"href":"https:\/\/colonos.eco.br\/variedadesdositio\/wp-json\/wp\/v2\/product_cat?post=4962"},{"taxonomy":"product_tag","embeddable":true,"href":"https:\/\/colonos.eco.br\/variedadesdositio\/wp-json\/wp\/v2\/product_tag?post=4962"}],"curies":[{"name":"wp","href":"https:\/\/api.w.org\/{rel}","templated":true}]}}