{"id":4964,"date":"2022-04-11T04:42:00","date_gmt":"2022-04-11T04:42:00","guid":{"rendered":"https:\/\/colonos.eco.br\/variedadesdositio\/produto\/jambu\/"},"modified":"2025-06-18T12:12:51","modified_gmt":"2025-06-18T17:12:51","slug":"jambu","status":"publish","type":"product","link":"https:\/\/colonos.eco.br\/variedadesdositio\/produto\/jambu\/","title":{"rendered":"Jambu"},"content":{"rendered":"<p>O jambu, tamb\u00e9m conhecido como agri\u00e3o do Par\u00e1, \u00e9 uma planta muito comum na regi\u00e3o Norte do Brasil e que \u00e9 bastante utilizada na culin\u00e1ria em saladas, molhos e para fazer o tacac\u00e1, por exemplo, que \u00e9 um prato t\u00edpico do Par\u00e1. Essa planta, al\u00e9m de ser bastante utilizada na gastronomia, tamb\u00e9m pode ter aplica\u00e7\u00e3o no dia a dia, isso porque tem efeito analg\u00e9sico, podendo ser utilizado para ajudar no tratamento da dor de dente, de garganta e do herpes.<\/p>\n","protected":false},"excerpt":{"rendered":"<p>O jambu \u00e9 uma planta muito comum na regi\u00e3o Norte do Brasil e que \u00e9 bastante utilizada na culin\u00e1ria em saladas.<\/p>\n","protected":false},"featured_media":5921,"template":"","meta":[],"product_brand":[],"product_cat":[153],"product_tag":[178,191,93],"class_list":{"0":"post-4964","1":"product","2":"type-product","3":"status-publish","4":"has-post-thumbnail","6":"product_cat-verduras-legumes","7":"product_tag-folha","8":"product_tag-regional","9":"product_tag-tempero","11":"first","12":"instock","13":"shipping-taxable","14":"purchasable","15":"product-type-simple"},"_links":{"self":[{"href":"https:\/\/colonos.eco.br\/variedadesdositio\/wp-json\/wp\/v2\/product\/4964","targetHints":{"allow":["GET"]}}],"collection":[{"href":"https:\/\/colonos.eco.br\/variedadesdositio\/wp-json\/wp\/v2\/product"}],"about":[{"href":"https:\/\/colonos.eco.br\/variedadesdositio\/wp-json\/wp\/v2\/types\/product"}],"wp:featuredmedia":[{"embeddable":true,"href":"https:\/\/colonos.eco.br\/variedadesdositio\/wp-json\/wp\/v2\/media\/5921"}],"wp:attachment":[{"href":"https:\/\/colonos.eco.br\/variedadesdositio\/wp-json\/wp\/v2\/media?parent=4964"}],"wp:term":[{"taxonomy":"product_brand","embeddable":true,"href":"https:\/\/colonos.eco.br\/variedadesdositio\/wp-json\/wp\/v2\/product_brand?post=4964"},{"taxonomy":"product_cat","embeddable":true,"href":"https:\/\/colonos.eco.br\/variedadesdositio\/wp-json\/wp\/v2\/product_cat?post=4964"},{"taxonomy":"product_tag","embeddable":true,"href":"https:\/\/colonos.eco.br\/variedadesdositio\/wp-json\/wp\/v2\/product_tag?post=4964"}],"curies":[{"name":"wp","href":"https:\/\/api.w.org\/{rel}","templated":true}]}}