{"id":4967,"date":"2022-04-11T04:42:01","date_gmt":"2022-04-11T09:42:01","guid":{"rendered":"https:\/\/colonos.eco.br\/variedadesdositio\/produto\/laranja\/"},"modified":"2025-06-18T12:12:51","modified_gmt":"2025-06-18T17:12:51","slug":"laranja","status":"publish","type":"product","link":"https:\/\/colonos.eco.br\/variedadesdositio\/produto\/laranja\/","title":{"rendered":"Laranja"},"content":{"rendered":"<p>A laranja \u00e9 o fruto da laranjeira, \u00e1rvore da fam\u00edlia Rutaceae. Possui porte m\u00e9dio que pode atingir at\u00e9 8 metros de altura, tronco de cor castanho e copa de formato arredondado. A fruta \u00e9 de origem asi\u00e1tica, foi levada pelos \u00e1rabes para a pen\u00ednsula Ib\u00e9rica e de l\u00e1 se propagou pelo mundo. O interior da laranja \u00e9 formado por gomos, cujo sabor varia do doce ao levemente \u00e1cido. \u00c9 uma fruta rica em vitamina C, sais minerais como ferro, pot\u00e1ssio, c\u00e1lcio. O formato e a cor da fruta variam de acordo com a esp\u00e9cie. Ao compr\u00e1-la prefira as laranjas pesadas, por conterem maior quantidade de suco. Observe tamb\u00e9m se tem o aspecto firme. A casca da laranja \u00e9 utilizada na culin\u00e1ria, tanto para ornamentar, como para dar algum sabor. O tempo de conserva\u00e7\u00e3o em geladeira \u00e9 de uma a duas semanas. O per\u00edodo de safra \u00e9 de mar\u00e7o a setembro e janeiro.<\/p>\n","protected":false},"excerpt":{"rendered":"<p>A laranja \u00c9 uma fruta rica em vitamina C, sais minerais como ferro, pot\u00e1ssio, c\u00e1lcio.<\/p>\n","protected":false},"featured_media":6552,"template":"","meta":[],"product_brand":[],"product_cat":[152],"product_tag":[166],"class_list":{"0":"post-4967","1":"product","2":"type-product","3":"status-publish","4":"has-post-thumbnail","6":"product_cat-polpas-frutas","7":"product_tag-fruta","9":"first","10":"instock","11":"shipping-taxable","12":"product-type-simple"},"_links":{"self":[{"href":"https:\/\/colonos.eco.br\/variedadesdositio\/wp-json\/wp\/v2\/product\/4967","targetHints":{"allow":["GET"]}}],"collection":[{"href":"https:\/\/colonos.eco.br\/variedadesdositio\/wp-json\/wp\/v2\/product"}],"about":[{"href":"https:\/\/colonos.eco.br\/variedadesdositio\/wp-json\/wp\/v2\/types\/product"}],"wp:featuredmedia":[{"embeddable":true,"href":"https:\/\/colonos.eco.br\/variedadesdositio\/wp-json\/wp\/v2\/media\/6552"}],"wp:attachment":[{"href":"https:\/\/colonos.eco.br\/variedadesdositio\/wp-json\/wp\/v2\/media?parent=4967"}],"wp:term":[{"taxonomy":"product_brand","embeddable":true,"href":"https:\/\/colonos.eco.br\/variedadesdositio\/wp-json\/wp\/v2\/product_brand?post=4967"},{"taxonomy":"product_cat","embeddable":true,"href":"https:\/\/colonos.eco.br\/variedadesdositio\/wp-json\/wp\/v2\/product_cat?post=4967"},{"taxonomy":"product_tag","embeddable":true,"href":"https:\/\/colonos.eco.br\/variedadesdositio\/wp-json\/wp\/v2\/product_tag?post=4967"}],"curies":[{"name":"wp","href":"https:\/\/api.w.org\/{rel}","templated":true}]}}