{"id":4968,"date":"2022-04-11T04:42:01","date_gmt":"2022-04-11T09:42:01","guid":{"rendered":"https:\/\/colonos.eco.br\/variedadesdositio\/produto\/leite-in-natura\/"},"modified":"2025-06-18T12:12:51","modified_gmt":"2025-06-18T17:12:51","slug":"leite-in-natura","status":"publish","type":"product","link":"https:\/\/colonos.eco.br\/variedadesdositio\/produto\/leite-in-natura\/","title":{"rendered":"Leite in Natura"},"content":{"rendered":"<p>Leite \u00e9 uma secre\u00e7\u00e3o nutritiva de cor esbranqui\u00e7ada e opaca produzida pelas gl\u00e2ndulas mam\u00e1rias das f\u00eameas dos mam\u00edferos (incluindo os monotremados). O l\u00edquido \u00e9 produzido pelas c\u00e9lulas secretoras das gl\u00e2ndulas mam\u00e1rias ou mamas.<\/p>\n","protected":false},"excerpt":{"rendered":"<p>O leite \u00e9 um alimento rico em prote\u00ednas e em c\u00e1lcio, sendo muito importante para prevenir problemas como osteoporose e para manter uma boa massa muscular.<\/p>\n","protected":false},"featured_media":5158,"template":"","meta":[],"product_brand":[],"product_cat":[112],"product_tag":[192,179],"class_list":{"0":"post-4968","1":"product","2":"type-product","3":"status-publish","4":"has-post-thumbnail","6":"product_cat-leite-derivados","7":"product_tag-bebida","8":"product_tag-laticinio","10":"first","11":"instock","12":"shipping-taxable","13":"product-type-simple"},"_links":{"self":[{"href":"https:\/\/colonos.eco.br\/variedadesdositio\/wp-json\/wp\/v2\/product\/4968","targetHints":{"allow":["GET"]}}],"collection":[{"href":"https:\/\/colonos.eco.br\/variedadesdositio\/wp-json\/wp\/v2\/product"}],"about":[{"href":"https:\/\/colonos.eco.br\/variedadesdositio\/wp-json\/wp\/v2\/types\/product"}],"wp:featuredmedia":[{"embeddable":true,"href":"https:\/\/colonos.eco.br\/variedadesdositio\/wp-json\/wp\/v2\/media\/5158"}],"wp:attachment":[{"href":"https:\/\/colonos.eco.br\/variedadesdositio\/wp-json\/wp\/v2\/media?parent=4968"}],"wp:term":[{"taxonomy":"product_brand","embeddable":true,"href":"https:\/\/colonos.eco.br\/variedadesdositio\/wp-json\/wp\/v2\/product_brand?post=4968"},{"taxonomy":"product_cat","embeddable":true,"href":"https:\/\/colonos.eco.br\/variedadesdositio\/wp-json\/wp\/v2\/product_cat?post=4968"},{"taxonomy":"product_tag","embeddable":true,"href":"https:\/\/colonos.eco.br\/variedadesdositio\/wp-json\/wp\/v2\/product_tag?post=4968"}],"curies":[{"name":"wp","href":"https:\/\/api.w.org\/{rel}","templated":true}]}}