{"id":4971,"date":"2022-04-11T04:42:01","date_gmt":"2022-04-11T04:42:01","guid":{"rendered":"https:\/\/colonos.eco.br\/variedadesdositio\/produto\/limao-japones\/"},"modified":"2025-06-18T12:12:51","modified_gmt":"2025-06-18T17:12:51","slug":"limao-japones","status":"publish","type":"product","link":"https:\/\/colonos.eco.br\/variedadesdositio\/produto\/limao-japones\/","title":{"rendered":"Lim\u00e3o Japon\u00eas (Biri-Biri)"},"content":{"rendered":"<p>Apelidado de lim\u00e3o japon\u00eas, \u00e9 rico em vitamina C. Tamb\u00e9m, \u00e9 majoritariamente um carboidrato. Portanto, rende muita energia para atividades f\u00edsicas. Mais, \u00e9 fonte de fibras e vitaminas do complexo B e minerais, como magn\u00e9sio, ferro, zinco e c\u00e1lcio.<\/p>\n","protected":false},"excerpt":{"rendered":"<p>Uma fruta c\u00edtrica, tamb\u00e9m conhecida como lim\u00e3o japon\u00eas. Utilizada em preparos culin\u00e1rios e em pr\u00e1ticas terap\u00eauticas, a fruta se destaca pela extraordin\u00e1ria fragr\u00e2ncia.<\/p>\n","protected":false},"featured_media":6646,"template":"","meta":[],"product_brand":[],"product_cat":[152],"product_tag":[166],"class_list":{"0":"post-4971","1":"product","2":"type-product","3":"status-publish","4":"has-post-thumbnail","6":"product_cat-polpas-frutas","7":"product_tag-fruta","9":"first","10":"instock","11":"shipping-taxable","12":"product-type-simple"},"_links":{"self":[{"href":"https:\/\/colonos.eco.br\/variedadesdositio\/wp-json\/wp\/v2\/product\/4971","targetHints":{"allow":["GET"]}}],"collection":[{"href":"https:\/\/colonos.eco.br\/variedadesdositio\/wp-json\/wp\/v2\/product"}],"about":[{"href":"https:\/\/colonos.eco.br\/variedadesdositio\/wp-json\/wp\/v2\/types\/product"}],"wp:featuredmedia":[{"embeddable":true,"href":"https:\/\/colonos.eco.br\/variedadesdositio\/wp-json\/wp\/v2\/media\/6646"}],"wp:attachment":[{"href":"https:\/\/colonos.eco.br\/variedadesdositio\/wp-json\/wp\/v2\/media?parent=4971"}],"wp:term":[{"taxonomy":"product_brand","embeddable":true,"href":"https:\/\/colonos.eco.br\/variedadesdositio\/wp-json\/wp\/v2\/product_brand?post=4971"},{"taxonomy":"product_cat","embeddable":true,"href":"https:\/\/colonos.eco.br\/variedadesdositio\/wp-json\/wp\/v2\/product_cat?post=4971"},{"taxonomy":"product_tag","embeddable":true,"href":"https:\/\/colonos.eco.br\/variedadesdositio\/wp-json\/wp\/v2\/product_tag?post=4971"}],"curies":[{"name":"wp","href":"https:\/\/api.w.org\/{rel}","templated":true}]}}