{"id":4976,"date":"2022-04-11T04:42:01","date_gmt":"2022-04-11T04:42:01","guid":{"rendered":"https:\/\/colonos.eco.br\/variedadesdositio\/produto\/macaxeira\/"},"modified":"2025-06-18T12:12:52","modified_gmt":"2025-06-18T17:12:52","slug":"macaxeira","status":"publish","type":"product","link":"https:\/\/colonos.eco.br\/variedadesdositio\/produto\/macaxeira\/","title":{"rendered":"Macaxeira"},"content":{"rendered":"<p>A macaxeira \u00e9 um tub\u00e9rculo muito popular na amaz\u00f4nia por sua versatilidade em diversas formas de preparos e est\u00e1 fortemente presente no nosso dia-a-dia. Sua textura macia e cor amarela ap\u00f3s o cozimento tornam esse alimento um excelente acompanhamento de carnes, ovos e derivados. \u00c9 a terceira maior fonte de carboidratos nos tr\u00f3picos, e perde apenas para o arroz e o milho, \u00e9 um dos principais alimentos b\u00e1sicos no mundo em desenvolvimento, existindo na dieta b\u00e1sica de mais de meio bilh\u00e3o de pessoas.<\/p>\n","protected":false},"excerpt":{"rendered":"<p>A macaxeira \u00e9 um tub\u00e9rculo muito popular na amaz\u00f4nia por sua versatilidade em diversas formas de preparos e est\u00e1 fortemente presente no nosso dia-a-dia.<\/p>\n","protected":false},"featured_media":5932,"template":"","meta":[],"product_brand":[],"product_cat":[153],"product_tag":[155,154],"class_list":{"0":"post-4976","1":"product","2":"type-product","3":"status-publish","4":"has-post-thumbnail","6":"product_cat-verduras-legumes","7":"product_tag-batata","8":"product_tag-tuberculos","10":"first","11":"instock","12":"shipping-taxable","13":"purchasable","14":"product-type-variable"},"_links":{"self":[{"href":"https:\/\/colonos.eco.br\/variedadesdositio\/wp-json\/wp\/v2\/product\/4976","targetHints":{"allow":["GET"]}}],"collection":[{"href":"https:\/\/colonos.eco.br\/variedadesdositio\/wp-json\/wp\/v2\/product"}],"about":[{"href":"https:\/\/colonos.eco.br\/variedadesdositio\/wp-json\/wp\/v2\/types\/product"}],"wp:featuredmedia":[{"embeddable":true,"href":"https:\/\/colonos.eco.br\/variedadesdositio\/wp-json\/wp\/v2\/media\/5932"}],"wp:attachment":[{"href":"https:\/\/colonos.eco.br\/variedadesdositio\/wp-json\/wp\/v2\/media?parent=4976"}],"wp:term":[{"taxonomy":"product_brand","embeddable":true,"href":"https:\/\/colonos.eco.br\/variedadesdositio\/wp-json\/wp\/v2\/product_brand?post=4976"},{"taxonomy":"product_cat","embeddable":true,"href":"https:\/\/colonos.eco.br\/variedadesdositio\/wp-json\/wp\/v2\/product_cat?post=4976"},{"taxonomy":"product_tag","embeddable":true,"href":"https:\/\/colonos.eco.br\/variedadesdositio\/wp-json\/wp\/v2\/product_tag?post=4976"}],"curies":[{"name":"wp","href":"https:\/\/api.w.org\/{rel}","templated":true}]}}