{"id":4978,"date":"2022-04-11T04:42:01","date_gmt":"2022-04-11T04:42:01","guid":{"rendered":"https:\/\/colonos.eco.br\/variedadesdositio\/produto\/mamao-formosa\/"},"modified":"2025-06-18T12:23:25","modified_gmt":"2025-06-18T17:23:25","slug":"mamao-formosa","status":"publish","type":"product","link":"https:\/\/colonos.eco.br\/variedadesdositio\/produto\/mamao-formosa\/","title":{"rendered":"Mam\u00e3o Formosa"},"content":{"rendered":"<p>O mam\u00e3o, esp\u00e9cie Carica papaya L, \u00e9 fruto do mamoeiro. Esse alimento \u00e9 preferencialmente consumido in natura pelo brasileiro. Sozinho ou acompanhado de outras frutas \u00e9 uma excelente op\u00e7\u00e3o para o caf\u00e9 da manh\u00e3 ou lanche r\u00e1pido entre as refei\u00e7\u00f5es.<\/p>\n","protected":false},"excerpt":{"rendered":"<p>O mam\u00e3o \u00e9 uma fruta saborosa e saud\u00e1vel, rica em fibras, \u00e1gua, licopeno, vitamina A, vitamina E e vitamina C<\/p>\n","protected":false},"featured_media":5937,"template":"","meta":[],"product_brand":[],"product_cat":[152],"product_tag":[166],"class_list":{"0":"post-4978","1":"product","2":"type-product","3":"status-publish","4":"has-post-thumbnail","6":"product_cat-polpas-frutas","7":"product_tag-fruta","9":"first","10":"instock","11":"shipping-taxable","12":"product-type-simple"},"_links":{"self":[{"href":"https:\/\/colonos.eco.br\/variedadesdositio\/wp-json\/wp\/v2\/product\/4978","targetHints":{"allow":["GET"]}}],"collection":[{"href":"https:\/\/colonos.eco.br\/variedadesdositio\/wp-json\/wp\/v2\/product"}],"about":[{"href":"https:\/\/colonos.eco.br\/variedadesdositio\/wp-json\/wp\/v2\/types\/product"}],"wp:featuredmedia":[{"embeddable":true,"href":"https:\/\/colonos.eco.br\/variedadesdositio\/wp-json\/wp\/v2\/media\/5937"}],"wp:attachment":[{"href":"https:\/\/colonos.eco.br\/variedadesdositio\/wp-json\/wp\/v2\/media?parent=4978"}],"wp:term":[{"taxonomy":"product_brand","embeddable":true,"href":"https:\/\/colonos.eco.br\/variedadesdositio\/wp-json\/wp\/v2\/product_brand?post=4978"},{"taxonomy":"product_cat","embeddable":true,"href":"https:\/\/colonos.eco.br\/variedadesdositio\/wp-json\/wp\/v2\/product_cat?post=4978"},{"taxonomy":"product_tag","embeddable":true,"href":"https:\/\/colonos.eco.br\/variedadesdositio\/wp-json\/wp\/v2\/product_tag?post=4978"}],"curies":[{"name":"wp","href":"https:\/\/api.w.org\/{rel}","templated":true}]}}