{"id":4979,"date":"2022-04-11T04:42:02","date_gmt":"2022-04-11T04:42:02","guid":{"rendered":"https:\/\/colonos.eco.br\/variedadesdositio\/produto\/mamao-havai\/"},"modified":"2025-06-18T12:23:25","modified_gmt":"2025-06-18T17:23:25","slug":"mamao-havai","status":"publish","type":"product","link":"https:\/\/colonos.eco.br\/variedadesdositio\/produto\/mamao-havai\/","title":{"rendered":"Mam\u00e3o Hava\u00ed"},"content":{"rendered":"<p>O mam\u00e3o, esp\u00e9cie Carica papaya L, \u00e9 fruto do mamoeiro. Esse alimento \u00e9 preferencialmente consumido in natura pelo brasileiro. Sozinho ou acompanhado de outras frutas \u00e9 uma excelente op\u00e7\u00e3o para o caf\u00e9 da manh\u00e3 ou lanche r\u00e1pido entre as refei\u00e7\u00f5es.<\/p>\n","protected":false},"excerpt":{"rendered":"<p>O mam\u00e3o \u00e9 uma fruta saborosa e saud\u00e1vel, rica em fibras, \u00e1gua, licopeno, vitamina A, vitamina E e vitamina C<\/p>\n","protected":false},"featured_media":0,"template":"","meta":[],"product_brand":[],"product_cat":[152],"product_tag":[166],"class_list":{"0":"post-4979","1":"product","2":"type-product","3":"status-publish","5":"product_cat-polpas-frutas","6":"product_tag-fruta","8":"first","9":"instock","10":"shipping-taxable","11":"product-type-simple"},"_links":{"self":[{"href":"https:\/\/colonos.eco.br\/variedadesdositio\/wp-json\/wp\/v2\/product\/4979","targetHints":{"allow":["GET"]}}],"collection":[{"href":"https:\/\/colonos.eco.br\/variedadesdositio\/wp-json\/wp\/v2\/product"}],"about":[{"href":"https:\/\/colonos.eco.br\/variedadesdositio\/wp-json\/wp\/v2\/types\/product"}],"wp:attachment":[{"href":"https:\/\/colonos.eco.br\/variedadesdositio\/wp-json\/wp\/v2\/media?parent=4979"}],"wp:term":[{"taxonomy":"product_brand","embeddable":true,"href":"https:\/\/colonos.eco.br\/variedadesdositio\/wp-json\/wp\/v2\/product_brand?post=4979"},{"taxonomy":"product_cat","embeddable":true,"href":"https:\/\/colonos.eco.br\/variedadesdositio\/wp-json\/wp\/v2\/product_cat?post=4979"},{"taxonomy":"product_tag","embeddable":true,"href":"https:\/\/colonos.eco.br\/variedadesdositio\/wp-json\/wp\/v2\/product_tag?post=4979"}],"curies":[{"name":"wp","href":"https:\/\/api.w.org\/{rel}","templated":true}]}}