{"id":4982,"date":"2022-04-10T23:42:04","date_gmt":"2022-04-11T04:42:04","guid":{"rendered":"https:\/\/colonos.eco.br\/variedadesdositio\/?post_type=product&#038;p=4982"},"modified":"2025-06-18T12:24:27","modified_gmt":"2025-06-18T17:24:27","slug":"pamonha","status":"publish","type":"product","link":"https:\/\/colonos.eco.br\/variedadesdositio\/produto\/pamonha\/","title":{"rendered":"Pamonha"},"content":{"rendered":"<p>Pamonha \u00e9 um doce brasileiro, de origem ind\u00edgena (ou africana, conforme alguns historiadores), O milho verde \u00e9 ralado e, \u00e0 massa resultante, s\u00e3o misturados leite (ou leite de coco), sal (ou a\u00e7\u00facar), manteiga, canela e erva-doce. Esta massa \u00e9 colocada em tubos feitos com a pr\u00f3pria casca do milho (ou com folha de bananeira), atados nas extremidades. As pamonhas s\u00e3o submetidas a cozimento at\u00e9 que sua massa alcance uma consist\u00eancia firme e macia.<\/p>\n","protected":false},"excerpt":{"rendered":"<p>Esse quitute preparado com milho verde \u00e9 \u00f3timo acompanhado de um caf\u00e9. Por ser muito vers\u00e1til, aceita preparos doces e salgados. Escolha o seu preferido e aproveite.<\/p>\n","protected":false},"featured_media":7776,"template":"","meta":[],"product_brand":[],"product_cat":[156],"product_tag":[197,194,198],"class_list":{"0":"post-4982","1":"product","2":"type-product","3":"status-publish","4":"has-post-thumbnail","6":"product_cat-bolos-doces","7":"product_tag-doce","8":"product_tag-milho","9":"product_tag-salgado","11":"first","12":"instock","13":"shipping-taxable","14":"product-type-variable"},"_links":{"self":[{"href":"https:\/\/colonos.eco.br\/variedadesdositio\/wp-json\/wp\/v2\/product\/4982","targetHints":{"allow":["GET"]}}],"collection":[{"href":"https:\/\/colonos.eco.br\/variedadesdositio\/wp-json\/wp\/v2\/product"}],"about":[{"href":"https:\/\/colonos.eco.br\/variedadesdositio\/wp-json\/wp\/v2\/types\/product"}],"wp:featuredmedia":[{"embeddable":true,"href":"https:\/\/colonos.eco.br\/variedadesdositio\/wp-json\/wp\/v2\/media\/7776"}],"wp:attachment":[{"href":"https:\/\/colonos.eco.br\/variedadesdositio\/wp-json\/wp\/v2\/media?parent=4982"}],"wp:term":[{"taxonomy":"product_brand","embeddable":true,"href":"https:\/\/colonos.eco.br\/variedadesdositio\/wp-json\/wp\/v2\/product_brand?post=4982"},{"taxonomy":"product_cat","embeddable":true,"href":"https:\/\/colonos.eco.br\/variedadesdositio\/wp-json\/wp\/v2\/product_cat?post=4982"},{"taxonomy":"product_tag","embeddable":true,"href":"https:\/\/colonos.eco.br\/variedadesdositio\/wp-json\/wp\/v2\/product_tag?post=4982"}],"curies":[{"name":"wp","href":"https:\/\/api.w.org\/{rel}","templated":true}]}}