{"id":4983,"date":"2022-04-11T04:42:04","date_gmt":"2022-04-11T04:42:04","guid":{"rendered":"https:\/\/colonos.eco.br\/variedadesdositio\/produto\/manjericao\/"},"modified":"2025-06-18T12:23:25","modified_gmt":"2025-06-18T17:23:25","slug":"manjericao","status":"publish","type":"product","link":"https:\/\/colonos.eco.br\/variedadesdositio\/produto\/manjericao\/","title":{"rendered":"Manjeric\u00e3o"},"content":{"rendered":"<p>O manjeric\u00e3o \u00e9 uma erva pertencente \u00e0 fam\u00edlia da hortel\u00e3, Lamiaceae. Nativo da \u00cdndia e cultivado desde a Antiguidade, suas folhas s\u00e3o utilizadas como tempero especialmente em pa\u00edses tropicais da \u00c1sia e na cozinha italiana. O manjeric\u00e3o \u00e9 muito utilizado na cozinha, sendo um \u00f3timo companheiro dos tomates e ingrediente fundamental para se fazer o famoso pesto genovese, molho t\u00edpico da It\u00e1lia. Tamb\u00e9m vai bem em saladas, massas, sopas, refogados de carne e com queijos. Como o calor diminui seu aroma, fica melhor se adicionado no final da receita ou s\u00f3 na hora de servir.<\/p>\n","protected":false},"excerpt":{"rendered":"<p>O manjeric\u00e3o \u00e9 muito utilizado na cozinha, sendo um \u00f3timo companheiro dos tomates e ingrediente fundamental para se fazer o famoso pesto genovese, molho t\u00edpico da It\u00e1lia.<\/p>\n","protected":false},"featured_media":5170,"template":"","meta":[],"product_brand":[],"product_cat":[91],"product_tag":[193,93],"class_list":{"0":"post-4983","1":"product","2":"type-product","3":"status-publish","4":"has-post-thumbnail","6":"product_cat-ervas-temperos","7":"product_tag-erva","8":"product_tag-tempero","10":"first","11":"instock","12":"shipping-taxable","13":"product-type-simple"},"_links":{"self":[{"href":"https:\/\/colonos.eco.br\/variedadesdositio\/wp-json\/wp\/v2\/product\/4983","targetHints":{"allow":["GET"]}}],"collection":[{"href":"https:\/\/colonos.eco.br\/variedadesdositio\/wp-json\/wp\/v2\/product"}],"about":[{"href":"https:\/\/colonos.eco.br\/variedadesdositio\/wp-json\/wp\/v2\/types\/product"}],"wp:featuredmedia":[{"embeddable":true,"href":"https:\/\/colonos.eco.br\/variedadesdositio\/wp-json\/wp\/v2\/media\/5170"}],"wp:attachment":[{"href":"https:\/\/colonos.eco.br\/variedadesdositio\/wp-json\/wp\/v2\/media?parent=4983"}],"wp:term":[{"taxonomy":"product_brand","embeddable":true,"href":"https:\/\/colonos.eco.br\/variedadesdositio\/wp-json\/wp\/v2\/product_brand?post=4983"},{"taxonomy":"product_cat","embeddable":true,"href":"https:\/\/colonos.eco.br\/variedadesdositio\/wp-json\/wp\/v2\/product_cat?post=4983"},{"taxonomy":"product_tag","embeddable":true,"href":"https:\/\/colonos.eco.br\/variedadesdositio\/wp-json\/wp\/v2\/product_tag?post=4983"}],"curies":[{"name":"wp","href":"https:\/\/api.w.org\/{rel}","templated":true}]}}