{"id":4986,"date":"2022-04-11T04:42:05","date_gmt":"2022-04-11T09:42:05","guid":{"rendered":"https:\/\/colonos.eco.br\/variedadesdositio\/produto\/maracuja-do-mato\/"},"modified":"2025-06-18T12:23:25","modified_gmt":"2025-06-18T17:23:25","slug":"maracuja-do-mato","status":"publish","type":"product","link":"https:\/\/colonos.eco.br\/variedadesdositio\/produto\/maracuja-do-mato\/","title":{"rendered":"Maracuj\u00e1 do mato"},"content":{"rendered":"<p>Trata-se de uma esp\u00e9cie trepadeira perene que ocorre no Cerrado e na Caatinga, bastante resistente a per\u00edodos de seca. As flores s\u00e3o vistosas, com tonalidades de lil\u00e1s, vinho e verde. Seu fruto \u00e9 de casca esverdeada, mesmo quando maduro, e a polpa \u00e9 branca, com muitas sementes. Sua acidez \u00e9 mais acentuada do que o maracuj\u00e1 amarelo (P. edulis), com perfume e sabor intenso. \u00c9 altamente nutritivo, contendo pot\u00e1ssio, ferro, f\u00f3sforo, c\u00e1lcio e v\u00e1rias vitaminas. Sua bel\u00edssima flor, com longas fibras lil\u00e1s, tem perfume acentuado que atrai polinizadores, principalmente mamangavas.<\/p>\n","protected":false},"excerpt":{"rendered":"<p>Possui casca esverdeada e polpa branca. O sabor da polpa \u00e9 mais marcante em termos de do\u00e7ura, mas tamb\u00e9m de acidez, do que o maracuj\u00e1 comum, al\u00e9m de ser extremamente arom\u00e1tico, mat\u00e9ria-prima ideal para produ\u00e7\u00e3o de produtos como sucos, polpas, geleias e sorvetes.<\/p>\n<p>&nbsp;<\/p>\n<p>\u00c9 amplamente conhecido pelas suas propriedades medicinais, em especial, por ter efeito calmante e relaxante.<\/p>\n","protected":false},"featured_media":7960,"template":"","meta":[],"product_brand":[],"product_cat":[152],"product_tag":[166],"class_list":{"0":"post-4986","1":"product","2":"type-product","3":"status-publish","4":"has-post-thumbnail","6":"product_cat-polpas-frutas","7":"product_tag-fruta","9":"first","10":"instock","11":"shipping-taxable","12":"product-type-simple"},"_links":{"self":[{"href":"https:\/\/colonos.eco.br\/variedadesdositio\/wp-json\/wp\/v2\/product\/4986","targetHints":{"allow":["GET"]}}],"collection":[{"href":"https:\/\/colonos.eco.br\/variedadesdositio\/wp-json\/wp\/v2\/product"}],"about":[{"href":"https:\/\/colonos.eco.br\/variedadesdositio\/wp-json\/wp\/v2\/types\/product"}],"wp:featuredmedia":[{"embeddable":true,"href":"https:\/\/colonos.eco.br\/variedadesdositio\/wp-json\/wp\/v2\/media\/7960"}],"wp:attachment":[{"href":"https:\/\/colonos.eco.br\/variedadesdositio\/wp-json\/wp\/v2\/media?parent=4986"}],"wp:term":[{"taxonomy":"product_brand","embeddable":true,"href":"https:\/\/colonos.eco.br\/variedadesdositio\/wp-json\/wp\/v2\/product_brand?post=4986"},{"taxonomy":"product_cat","embeddable":true,"href":"https:\/\/colonos.eco.br\/variedadesdositio\/wp-json\/wp\/v2\/product_cat?post=4986"},{"taxonomy":"product_tag","embeddable":true,"href":"https:\/\/colonos.eco.br\/variedadesdositio\/wp-json\/wp\/v2\/product_tag?post=4986"}],"curies":[{"name":"wp","href":"https:\/\/api.w.org\/{rel}","templated":true}]}}