{"id":4988,"date":"2022-04-11T04:42:05","date_gmt":"2022-04-11T04:42:05","guid":{"rendered":"https:\/\/colonos.eco.br\/variedadesdositio\/produto\/mastruz\/"},"modified":"2025-06-18T12:23:25","modified_gmt":"2025-06-18T17:23:25","slug":"mastruz","status":"publish","type":"product","link":"https:\/\/colonos.eco.br\/variedadesdositio\/produto\/mastruz\/","title":{"rendered":"Mastruz"},"content":{"rendered":"<p>O mastruz \u00e9 uma planta medicinal, tamb\u00e9m conhecida por erva de santa maria ou ch\u00e1 mexicano, que \u00e9 muito utilizada na medicina tradicional para tratar vermes intestinais, m\u00e1 digest\u00e3o e para fortalecer o sistema imunol\u00f3gico. Esta planta tem o nome cient\u00edfico de Chenopodium ambrosioides (sin\u00f4nimo Dysphania ambrosioides) e \u00e9 considerada um pequeno arbusto que cresce espontaneamente em terrenos nos arredores de habita\u00e7\u00f5es, possuindo folhas alongadas, de diferentes tamanhos, e flores pequenas e de cor esbranqui\u00e7ada.<\/p>\n","protected":false},"excerpt":{"rendered":"<p>O mastruz \u00e9 uma planta medicinal, que \u00e9 muito utilizada na medicina tradicional para tratar vermes intestinais, m\u00e1 digest\u00e3o e para fortalecer o sistema imunol\u00f3gico<\/p>\n","protected":false},"featured_media":5950,"template":"","meta":[],"product_brand":[],"product_cat":[91],"product_tag":[104],"class_list":{"0":"post-4988","1":"product","2":"type-product","3":"status-publish","4":"has-post-thumbnail","6":"product_cat-ervas-temperos","7":"product_tag-medicinal","9":"first","10":"instock","11":"shipping-taxable","12":"product-type-simple"},"_links":{"self":[{"href":"https:\/\/colonos.eco.br\/variedadesdositio\/wp-json\/wp\/v2\/product\/4988","targetHints":{"allow":["GET"]}}],"collection":[{"href":"https:\/\/colonos.eco.br\/variedadesdositio\/wp-json\/wp\/v2\/product"}],"about":[{"href":"https:\/\/colonos.eco.br\/variedadesdositio\/wp-json\/wp\/v2\/types\/product"}],"wp:featuredmedia":[{"embeddable":true,"href":"https:\/\/colonos.eco.br\/variedadesdositio\/wp-json\/wp\/v2\/media\/5950"}],"wp:attachment":[{"href":"https:\/\/colonos.eco.br\/variedadesdositio\/wp-json\/wp\/v2\/media?parent=4988"}],"wp:term":[{"taxonomy":"product_brand","embeddable":true,"href":"https:\/\/colonos.eco.br\/variedadesdositio\/wp-json\/wp\/v2\/product_brand?post=4988"},{"taxonomy":"product_cat","embeddable":true,"href":"https:\/\/colonos.eco.br\/variedadesdositio\/wp-json\/wp\/v2\/product_cat?post=4988"},{"taxonomy":"product_tag","embeddable":true,"href":"https:\/\/colonos.eco.br\/variedadesdositio\/wp-json\/wp\/v2\/product_tag?post=4988"}],"curies":[{"name":"wp","href":"https:\/\/api.w.org\/{rel}","templated":true}]}}