{"id":4990,"date":"2022-04-11T04:42:05","date_gmt":"2022-04-11T09:42:05","guid":{"rendered":"https:\/\/colonos.eco.br\/variedadesdositio\/produto\/mel-de-abelha-urucu\/"},"modified":"2025-06-18T12:23:25","modified_gmt":"2025-06-18T17:23:25","slug":"mel-de-abelha-urucu","status":"publish","type":"product","link":"https:\/\/colonos.eco.br\/variedadesdositio\/produto\/mel-de-abelha-urucu\/","title":{"rendered":"Mel de abelha (Uru\u00e7u)"},"content":{"rendered":"<p>O mel possui propriedades nutritivas e terap\u00eauticas que trazem v\u00e1rios benef\u00edcios \u00e0 sa\u00fade. \u00c9 rico em antioxidantes que protegem o corpo e o cora\u00e7\u00e3o do envelhecimento, auxilia na diminui\u00e7\u00e3o da press\u00e3o sangu\u00ednea, dos triglicer\u00eddeos e do colesterol, cont\u00e9m propriedades contra bact\u00e9rias, fungos e v\u00edrus, combate a dor de garganta e a tosse e pode ainda ser usado como ado\u00e7ante natural. No entanto, mesmo com todos esses benef\u00edcios o mel deve ser consumido com modera\u00e7\u00e3o, j\u00e1 que ainda \u00e9 rico em calorias e a\u00e7\u00facar.<\/p>\n","protected":false},"excerpt":{"rendered":"<p>\u00c9 rico em a\u00e7\u00facares (glicose e frutose) e carboidratos, por isso \u00e9 uma boa fonte de energia.<\/p>\n","protected":false},"featured_media":5953,"template":"","meta":[],"product_brand":[],"product_cat":[156],"product_tag":[104],"class_list":{"0":"post-4990","1":"product","2":"type-product","3":"status-publish","4":"has-post-thumbnail","6":"product_cat-bolos-doces","7":"product_tag-medicinal","9":"first","10":"instock","11":"shipping-taxable","12":"purchasable","13":"product-type-simple"},"_links":{"self":[{"href":"https:\/\/colonos.eco.br\/variedadesdositio\/wp-json\/wp\/v2\/product\/4990","targetHints":{"allow":["GET"]}}],"collection":[{"href":"https:\/\/colonos.eco.br\/variedadesdositio\/wp-json\/wp\/v2\/product"}],"about":[{"href":"https:\/\/colonos.eco.br\/variedadesdositio\/wp-json\/wp\/v2\/types\/product"}],"wp:featuredmedia":[{"embeddable":true,"href":"https:\/\/colonos.eco.br\/variedadesdositio\/wp-json\/wp\/v2\/media\/5953"}],"wp:attachment":[{"href":"https:\/\/colonos.eco.br\/variedadesdositio\/wp-json\/wp\/v2\/media?parent=4990"}],"wp:term":[{"taxonomy":"product_brand","embeddable":true,"href":"https:\/\/colonos.eco.br\/variedadesdositio\/wp-json\/wp\/v2\/product_brand?post=4990"},{"taxonomy":"product_cat","embeddable":true,"href":"https:\/\/colonos.eco.br\/variedadesdositio\/wp-json\/wp\/v2\/product_cat?post=4990"},{"taxonomy":"product_tag","embeddable":true,"href":"https:\/\/colonos.eco.br\/variedadesdositio\/wp-json\/wp\/v2\/product_tag?post=4990"}],"curies":[{"name":"wp","href":"https:\/\/api.w.org\/{rel}","templated":true}]}}