{"id":4991,"date":"2022-04-11T04:42:05","date_gmt":"2022-04-11T09:42:05","guid":{"rendered":"https:\/\/colonos.eco.br\/variedadesdositio\/produto\/melancia\/"},"modified":"2025-06-18T12:23:25","modified_gmt":"2025-06-18T17:23:25","slug":"melancia","status":"publish","type":"product","link":"https:\/\/colonos.eco.br\/variedadesdositio\/produto\/melancia\/","title":{"rendered":"Melancia"},"content":{"rendered":"<p>A melancia \u00e9 uma fruta rasteira origin\u00e1ria da \u00c1frica, pertence \u00e0 fam\u00edlia das cucurbit\u00e1ceas. Pode apresentar formato arredondado ou alongado e seu tamanho varia ente 25 e 75 cm. De polpa vermelha, doce e com alto teor de \u00e1gua (cerca de 90%), a melancia \u00e9 uma fruta refrescante e muito consumida no ver\u00e3o, como sobremesa<\/p>\n","protected":false},"excerpt":{"rendered":"<p>A melancia \u00e9 uma deliciosa fruta com muita \u00e1gua, rica em pot\u00e1ssio e magn\u00e9sio, que faz dela um excelente diur\u00e9tico natural.<\/p>\n","protected":false},"featured_media":5955,"template":"","meta":[],"product_brand":[],"product_cat":[152],"product_tag":[166],"class_list":{"0":"post-4991","1":"product","2":"type-product","3":"status-publish","4":"has-post-thumbnail","6":"product_cat-polpas-frutas","7":"product_tag-fruta","9":"first","10":"instock","11":"shipping-taxable","12":"product-type-simple"},"_links":{"self":[{"href":"https:\/\/colonos.eco.br\/variedadesdositio\/wp-json\/wp\/v2\/product\/4991","targetHints":{"allow":["GET"]}}],"collection":[{"href":"https:\/\/colonos.eco.br\/variedadesdositio\/wp-json\/wp\/v2\/product"}],"about":[{"href":"https:\/\/colonos.eco.br\/variedadesdositio\/wp-json\/wp\/v2\/types\/product"}],"wp:featuredmedia":[{"embeddable":true,"href":"https:\/\/colonos.eco.br\/variedadesdositio\/wp-json\/wp\/v2\/media\/5955"}],"wp:attachment":[{"href":"https:\/\/colonos.eco.br\/variedadesdositio\/wp-json\/wp\/v2\/media?parent=4991"}],"wp:term":[{"taxonomy":"product_brand","embeddable":true,"href":"https:\/\/colonos.eco.br\/variedadesdositio\/wp-json\/wp\/v2\/product_brand?post=4991"},{"taxonomy":"product_cat","embeddable":true,"href":"https:\/\/colonos.eco.br\/variedadesdositio\/wp-json\/wp\/v2\/product_cat?post=4991"},{"taxonomy":"product_tag","embeddable":true,"href":"https:\/\/colonos.eco.br\/variedadesdositio\/wp-json\/wp\/v2\/product_tag?post=4991"}],"curies":[{"name":"wp","href":"https:\/\/api.w.org\/{rel}","templated":true}]}}