{"id":4992,"date":"2022-04-11T04:42:05","date_gmt":"2022-04-11T04:42:05","guid":{"rendered":"https:\/\/colonos.eco.br\/variedadesdositio\/produto\/melao-sao-caetano\/"},"modified":"2025-06-18T12:23:25","modified_gmt":"2025-06-18T17:23:25","slug":"melao-sao-caetano","status":"publish","type":"product","link":"https:\/\/colonos.eco.br\/variedadesdositio\/produto\/melao-sao-caetano\/","title":{"rendered":"Mel\u00e3o S\u00e3o Caetano"},"content":{"rendered":"<p>\u00c9 uma trepadeira de cheiro desagrad\u00e1vel que possui flores amareladas e folhas palmat\u00edfidas. O mel\u00e3o de S\u00e3o Caetano em si (fruto) \u00e9 oblongo, parecendo um pepino pequeno, que \u00e9 verde quando imaturo e fica amarelo alaranjado quando amadurece. Ele abre-se em v\u00e1lvulas espinhosas, possuindo uma carnosidade mole em seu interior, que torna-se amarelo avermelhada quando madura.<\/p>\n","protected":false},"excerpt":{"rendered":"<p>O fruto quando est\u00e1 verde, que \u00e9 preparado por v\u00e1rias culturas de diversas formas, como refogado, frito, recheado, em picles, conservado em salmoura ou at\u00e9 fresco em fatias<\/p>\n","protected":false},"featured_media":6337,"template":"","meta":[],"product_brand":[],"product_cat":[152],"product_tag":[166],"class_list":{"0":"post-4992","1":"product","2":"type-product","3":"status-publish","4":"has-post-thumbnail","6":"product_cat-polpas-frutas","7":"product_tag-fruta","9":"first","10":"instock","11":"shipping-taxable","12":"product-type-simple"},"_links":{"self":[{"href":"https:\/\/colonos.eco.br\/variedadesdositio\/wp-json\/wp\/v2\/product\/4992","targetHints":{"allow":["GET"]}}],"collection":[{"href":"https:\/\/colonos.eco.br\/variedadesdositio\/wp-json\/wp\/v2\/product"}],"about":[{"href":"https:\/\/colonos.eco.br\/variedadesdositio\/wp-json\/wp\/v2\/types\/product"}],"wp:featuredmedia":[{"embeddable":true,"href":"https:\/\/colonos.eco.br\/variedadesdositio\/wp-json\/wp\/v2\/media\/6337"}],"wp:attachment":[{"href":"https:\/\/colonos.eco.br\/variedadesdositio\/wp-json\/wp\/v2\/media?parent=4992"}],"wp:term":[{"taxonomy":"product_brand","embeddable":true,"href":"https:\/\/colonos.eco.br\/variedadesdositio\/wp-json\/wp\/v2\/product_brand?post=4992"},{"taxonomy":"product_cat","embeddable":true,"href":"https:\/\/colonos.eco.br\/variedadesdositio\/wp-json\/wp\/v2\/product_cat?post=4992"},{"taxonomy":"product_tag","embeddable":true,"href":"https:\/\/colonos.eco.br\/variedadesdositio\/wp-json\/wp\/v2\/product_tag?post=4992"}],"curies":[{"name":"wp","href":"https:\/\/api.w.org\/{rel}","templated":true}]}}