{"id":4993,"date":"2022-04-10T23:42:05","date_gmt":"2022-04-11T04:42:05","guid":{"rendered":"https:\/\/colonos.eco.br\/variedadesdositio\/produto\/milho-verde\/"},"modified":"2025-06-18T12:23:56","modified_gmt":"2025-06-18T17:23:56","slug":"milho-verde","status":"publish","type":"product","link":"https:\/\/colonos.eco.br\/variedadesdositio\/produto\/milho-verde\/","title":{"rendered":"Milho verde"},"content":{"rendered":"<p>O milho, mesmo quando submetido a procedimentos industriais, mant\u00e9m a casca que \u00e9 uma excelente aliada na excre\u00e7\u00e3o das toxinas ingeridas durante as refei\u00e7\u00f5es. O milho n\u00e3o cont\u00e9m gl\u00faten, o que aumenta a gama de consumidores que estavam restringidos ao consumo de trigo, aveia e cevada, por exemplo. Este gr\u00e3o maravilhoso ainda tem uma vitamina especial, a B1 ou tiamina, como \u00e9 mais conhecida, que confere t\u00f4nus ao m\u00fasculo card\u00edaco ajudando a manter o ritmo card\u00edaco normal.<\/p>\n","protected":false},"excerpt":{"rendered":"<p> O Milho \u00e9 um alimento super nutritivo especialmente por conta da alta quantidade de amino\u00e1cidos que o compoem e por conter fibras e vitaminas B1, B2 e E<\/p>\n","protected":false},"featured_media":6172,"template":"","meta":[],"product_brand":[],"product_cat":[153],"product_tag":[194],"class_list":{"0":"post-4993","1":"product","2":"type-product","3":"status-publish","4":"has-post-thumbnail","6":"product_cat-verduras-legumes","7":"product_tag-milho","9":"first","10":"instock","11":"shipping-taxable","12":"product-type-simple"},"_links":{"self":[{"href":"https:\/\/colonos.eco.br\/variedadesdositio\/wp-json\/wp\/v2\/product\/4993","targetHints":{"allow":["GET"]}}],"collection":[{"href":"https:\/\/colonos.eco.br\/variedadesdositio\/wp-json\/wp\/v2\/product"}],"about":[{"href":"https:\/\/colonos.eco.br\/variedadesdositio\/wp-json\/wp\/v2\/types\/product"}],"wp:featuredmedia":[{"embeddable":true,"href":"https:\/\/colonos.eco.br\/variedadesdositio\/wp-json\/wp\/v2\/media\/6172"}],"wp:attachment":[{"href":"https:\/\/colonos.eco.br\/variedadesdositio\/wp-json\/wp\/v2\/media?parent=4993"}],"wp:term":[{"taxonomy":"product_brand","embeddable":true,"href":"https:\/\/colonos.eco.br\/variedadesdositio\/wp-json\/wp\/v2\/product_brand?post=4993"},{"taxonomy":"product_cat","embeddable":true,"href":"https:\/\/colonos.eco.br\/variedadesdositio\/wp-json\/wp\/v2\/product_cat?post=4993"},{"taxonomy":"product_tag","embeddable":true,"href":"https:\/\/colonos.eco.br\/variedadesdositio\/wp-json\/wp\/v2\/product_tag?post=4993"}],"curies":[{"name":"wp","href":"https:\/\/api.w.org\/{rel}","templated":true}]}}