{"id":4994,"date":"2022-04-10T23:42:05","date_gmt":"2022-04-11T04:42:05","guid":{"rendered":"https:\/\/colonos.eco.br\/variedadesdositio\/produto\/mini-pepino\/"},"modified":"2025-06-18T12:23:56","modified_gmt":"2025-06-18T17:23:56","slug":"mini-pepino","status":"publish","type":"product","link":"https:\/\/colonos.eco.br\/variedadesdositio\/produto\/mini-pepino\/","title":{"rendered":"Mini pepino (japon\u00eas)"},"content":{"rendered":"<p>Chamada de mini pepino, a planta \u00e9 uma cucurbit\u00e1cea trepadeira do g\u00eanero Coccinia spp. Diferente da variedade que produz em cachos, por aqui h\u00e1 a Coccinia grandis. Perene, ela se reproduz por estaquia, pois as sementes brancas e achatadas, em geral, s\u00e3o inf\u00e9rteis<\/p>\n","protected":false},"excerpt":{"rendered":"<p>Os frutos verdes s\u00e3o consumidos em saladas ou em conservas. Quando maduros, ficam muito moles e com tom vermelho. Embora tenha grande potencial, o mini pepino \u00e9 ainda pouco explorado no mercado nacional.<\/p>\n","protected":false},"featured_media":7869,"template":"","meta":[],"product_brand":[],"product_cat":[153],"product_tag":[187],"class_list":{"0":"post-4994","1":"product","2":"type-product","3":"status-publish","4":"has-post-thumbnail","6":"product_cat-verduras-legumes","7":"product_tag-salada","9":"first","10":"instock","11":"shipping-taxable","12":"product-type-simple"},"_links":{"self":[{"href":"https:\/\/colonos.eco.br\/variedadesdositio\/wp-json\/wp\/v2\/product\/4994","targetHints":{"allow":["GET"]}}],"collection":[{"href":"https:\/\/colonos.eco.br\/variedadesdositio\/wp-json\/wp\/v2\/product"}],"about":[{"href":"https:\/\/colonos.eco.br\/variedadesdositio\/wp-json\/wp\/v2\/types\/product"}],"wp:featuredmedia":[{"embeddable":true,"href":"https:\/\/colonos.eco.br\/variedadesdositio\/wp-json\/wp\/v2\/media\/7869"}],"wp:attachment":[{"href":"https:\/\/colonos.eco.br\/variedadesdositio\/wp-json\/wp\/v2\/media?parent=4994"}],"wp:term":[{"taxonomy":"product_brand","embeddable":true,"href":"https:\/\/colonos.eco.br\/variedadesdositio\/wp-json\/wp\/v2\/product_brand?post=4994"},{"taxonomy":"product_cat","embeddable":true,"href":"https:\/\/colonos.eco.br\/variedadesdositio\/wp-json\/wp\/v2\/product_cat?post=4994"},{"taxonomy":"product_tag","embeddable":true,"href":"https:\/\/colonos.eco.br\/variedadesdositio\/wp-json\/wp\/v2\/product_tag?post=4994"}],"curies":[{"name":"wp","href":"https:\/\/api.w.org\/{rel}","templated":true}]}}