{"id":4996,"date":"2022-04-11T04:42:05","date_gmt":"2022-04-11T04:42:05","guid":{"rendered":"https:\/\/colonos.eco.br\/variedadesdositio\/produto\/molho-de-pimenta-no-tucupi\/"},"modified":"2025-06-18T12:23:56","modified_gmt":"2025-06-18T17:23:56","slug":"molho-de-pimenta-no-tucupi","status":"publish","type":"product","link":"https:\/\/colonos.eco.br\/variedadesdositio\/produto\/molho-de-pimenta-no-tucupi\/","title":{"rendered":"Molho de Pimenta no Tucupi"},"content":{"rendered":"<p>O tucupi \u00e9 um produto base da culin\u00e1ria amaz\u00f4nica, sendo utilizado em diversos pratos t\u00edpicos da regi\u00e3o. Ele \u00e9 um caldo extra\u00eddo da mandioca brava, sendo um caldo que passa pelo processo de fermenta\u00e7\u00e3o natural e bastante temperado com diferentes ervas da Amaz\u00f4nia. \u00c9 um caldo azedinho e muito saboroso. O molho de pimenta feito com tucupi \u00e9 bastante tradicional nas casas dos paraenses. Ele \u00e9 feito com pimenta cumari do Par\u00e1, uma pimenta forte e bastante saborosa. Pimenta ideal para as refei\u00e7\u00f5es di\u00e1rias.<\/p>\n","protected":false},"excerpt":{"rendered":"<p>Um tipo de condimento, tempero ou salsa feito de pimenta e outros ingredientes.<\/p>\n","protected":false},"featured_media":5961,"template":"","meta":[],"product_brand":[],"product_cat":[111],"product_tag":[164,188],"class_list":{"0":"post-4996","1":"product","2":"type-product","3":"status-publish","4":"has-post-thumbnail","6":"product_cat-mercearia","7":"product_tag-molho","8":"product_tag-pimenta","10":"first","11":"instock","12":"shipping-taxable","13":"product-type-simple"},"_links":{"self":[{"href":"https:\/\/colonos.eco.br\/variedadesdositio\/wp-json\/wp\/v2\/product\/4996","targetHints":{"allow":["GET"]}}],"collection":[{"href":"https:\/\/colonos.eco.br\/variedadesdositio\/wp-json\/wp\/v2\/product"}],"about":[{"href":"https:\/\/colonos.eco.br\/variedadesdositio\/wp-json\/wp\/v2\/types\/product"}],"wp:featuredmedia":[{"embeddable":true,"href":"https:\/\/colonos.eco.br\/variedadesdositio\/wp-json\/wp\/v2\/media\/5961"}],"wp:attachment":[{"href":"https:\/\/colonos.eco.br\/variedadesdositio\/wp-json\/wp\/v2\/media?parent=4996"}],"wp:term":[{"taxonomy":"product_brand","embeddable":true,"href":"https:\/\/colonos.eco.br\/variedadesdositio\/wp-json\/wp\/v2\/product_brand?post=4996"},{"taxonomy":"product_cat","embeddable":true,"href":"https:\/\/colonos.eco.br\/variedadesdositio\/wp-json\/wp\/v2\/product_cat?post=4996"},{"taxonomy":"product_tag","embeddable":true,"href":"https:\/\/colonos.eco.br\/variedadesdositio\/wp-json\/wp\/v2\/product_tag?post=4996"}],"curies":[{"name":"wp","href":"https:\/\/api.w.org\/{rel}","templated":true}]}}