{"id":5001,"date":"2022-04-11T04:42:06","date_gmt":"2022-04-11T04:42:06","guid":{"rendered":"https:\/\/colonos.eco.br\/variedadesdositio\/produto\/ovo-de-cordorna\/"},"modified":"2025-06-18T12:23:57","modified_gmt":"2025-06-18T17:23:57","slug":"ovo-de-cordorna","status":"publish","type":"product","link":"https:\/\/colonos.eco.br\/variedadesdositio\/produto\/ovo-de-cordorna\/","title":{"rendered":"Ovo de cordorna"},"content":{"rendered":"<p>Os ovos de codorna tem um sabor semelhante aos ovos de galinha, mas s\u00e3o ligeiramente mais cal\u00f3ricos e mais ricos em nutrientes como Calcio, F\u00f3sforo, Zinco e Ferro. E embora muito menores em tamanho, no que diz respeito \u00e0 valor cal\u00f3rico e nutricional cada ovo de codorna \u00e9 muito mais rico e concentrado, sendo uma excelente alternativa de lanche para as crian\u00e7as na escola ou entradas num jantar entre amigos, por exemplo.<\/p>\n","protected":false},"excerpt":{"rendered":"<p>Os ovos de codorna tem um sabor semelhante aos ovos de galinha, mas s\u00e3o ligeiramente mais cal\u00f3ricos e mais ricos em nutrientes como Calcio, F\u00f3sforo, Zinco e Ferro.<\/p>\n","protected":false},"featured_media":6265,"template":"","meta":[],"product_brand":[],"product_cat":[111],"product_tag":[171,165],"class_list":{"0":"post-5001","1":"product","2":"type-product","3":"status-publish","4":"has-post-thumbnail","6":"product_cat-mercearia","7":"product_tag-codorna","8":"product_tag-ovos","10":"first","11":"instock","12":"shipping-taxable","13":"product-type-simple"},"_links":{"self":[{"href":"https:\/\/colonos.eco.br\/variedadesdositio\/wp-json\/wp\/v2\/product\/5001","targetHints":{"allow":["GET"]}}],"collection":[{"href":"https:\/\/colonos.eco.br\/variedadesdositio\/wp-json\/wp\/v2\/product"}],"about":[{"href":"https:\/\/colonos.eco.br\/variedadesdositio\/wp-json\/wp\/v2\/types\/product"}],"wp:featuredmedia":[{"embeddable":true,"href":"https:\/\/colonos.eco.br\/variedadesdositio\/wp-json\/wp\/v2\/media\/6265"}],"wp:attachment":[{"href":"https:\/\/colonos.eco.br\/variedadesdositio\/wp-json\/wp\/v2\/media?parent=5001"}],"wp:term":[{"taxonomy":"product_brand","embeddable":true,"href":"https:\/\/colonos.eco.br\/variedadesdositio\/wp-json\/wp\/v2\/product_brand?post=5001"},{"taxonomy":"product_cat","embeddable":true,"href":"https:\/\/colonos.eco.br\/variedadesdositio\/wp-json\/wp\/v2\/product_cat?post=5001"},{"taxonomy":"product_tag","embeddable":true,"href":"https:\/\/colonos.eco.br\/variedadesdositio\/wp-json\/wp\/v2\/product_tag?post=5001"}],"curies":[{"name":"wp","href":"https:\/\/api.w.org\/{rel}","templated":true}]}}