{"id":5002,"date":"2022-04-11T04:42:06","date_gmt":"2022-04-11T09:42:06","guid":{"rendered":"https:\/\/colonos.eco.br\/variedadesdositio\/produto\/ovos-caipira-de-galinha\/"},"modified":"2025-06-18T12:23:57","modified_gmt":"2025-06-18T17:23:57","slug":"ovos-caipira-de-galinha","status":"publish","type":"product","link":"https:\/\/colonos.eco.br\/variedadesdositio\/produto\/ovos-caipira-de-galinha\/","title":{"rendered":"Ovos de galinha caipira"},"content":{"rendered":"<p>Ovos caipiras s\u00e3o tidos como de melhor qualidade porque s\u00e3o gerados por galinhas mais bem cuidadas, que vivem com mais liberdade. Os ovos de granja, que s\u00e3o os mais comuns, s\u00e3o gerados por galinhas condicionadas \u00e0 produtividade. Elas ficam confinadas por muito tempo e vivem em condi\u00e7\u00f5es adversas.<\/p>\n","protected":false},"excerpt":{"rendered":"<p>Ovos caipiras s\u00e3o tidos como de melhor qualidade porque s\u00e3o gerados por galinhas mais bem cuidadas, que vivem com mais liberdade<\/p>\n","protected":false},"featured_media":6347,"template":"","meta":[],"product_brand":[],"product_cat":[111],"product_tag":[189,165],"class_list":{"0":"post-5002","1":"product","2":"type-product","3":"status-publish","4":"has-post-thumbnail","6":"product_cat-mercearia","7":"product_tag-galinha","8":"product_tag-ovos","10":"first","11":"instock","12":"shipping-taxable","13":"product-type-simple"},"_links":{"self":[{"href":"https:\/\/colonos.eco.br\/variedadesdositio\/wp-json\/wp\/v2\/product\/5002","targetHints":{"allow":["GET"]}}],"collection":[{"href":"https:\/\/colonos.eco.br\/variedadesdositio\/wp-json\/wp\/v2\/product"}],"about":[{"href":"https:\/\/colonos.eco.br\/variedadesdositio\/wp-json\/wp\/v2\/types\/product"}],"wp:featuredmedia":[{"embeddable":true,"href":"https:\/\/colonos.eco.br\/variedadesdositio\/wp-json\/wp\/v2\/media\/6347"}],"wp:attachment":[{"href":"https:\/\/colonos.eco.br\/variedadesdositio\/wp-json\/wp\/v2\/media?parent=5002"}],"wp:term":[{"taxonomy":"product_brand","embeddable":true,"href":"https:\/\/colonos.eco.br\/variedadesdositio\/wp-json\/wp\/v2\/product_brand?post=5002"},{"taxonomy":"product_cat","embeddable":true,"href":"https:\/\/colonos.eco.br\/variedadesdositio\/wp-json\/wp\/v2\/product_cat?post=5002"},{"taxonomy":"product_tag","embeddable":true,"href":"https:\/\/colonos.eco.br\/variedadesdositio\/wp-json\/wp\/v2\/product_tag?post=5002"}],"curies":[{"name":"wp","href":"https:\/\/api.w.org\/{rel}","templated":true}]}}