{"id":5003,"date":"2022-04-10T23:42:06","date_gmt":"2022-04-11T04:42:06","guid":{"rendered":"https:\/\/colonos.eco.br\/variedadesdositio\/produto\/ovos-capiria-de-pata\/"},"modified":"2025-06-18T12:23:57","modified_gmt":"2025-06-18T17:23:57","slug":"ovos-capiria-de-pata","status":"publish","type":"product","link":"https:\/\/colonos.eco.br\/variedadesdositio\/produto\/ovos-capiria-de-pata\/","title":{"rendered":"Ovos de pata"},"content":{"rendered":"<p>O ovo de pata \u00e9 outra excelente fonte de prote\u00ednas. Assim, entre as fun\u00e7\u00f5es que cumprem no corpo humano, as prote\u00ednas s\u00e3o essenciais para a sa\u00fade e manuten\u00e7\u00e3o da for\u00e7a dos m\u00fasculos. Da mesma forma, \u00e9 essencial para o ganho de massa magra, para a firmeza da pele e para a produ\u00e7\u00e3o celular.<\/p>\n","protected":false},"excerpt":{"rendered":"<p>O ovo de pata \u00e9 outra excelente fonte de prote\u00ednas.<\/p>\n","protected":false},"featured_media":5202,"template":"","meta":[],"product_brand":[],"product_cat":[111],"product_tag":[165,195],"class_list":{"0":"post-5003","1":"product","2":"type-product","3":"status-publish","4":"has-post-thumbnail","6":"product_cat-mercearia","7":"product_tag-ovos","8":"product_tag-pato","10":"first","11":"instock","12":"shipping-taxable","13":"purchasable","14":"product-type-simple"},"_links":{"self":[{"href":"https:\/\/colonos.eco.br\/variedadesdositio\/wp-json\/wp\/v2\/product\/5003","targetHints":{"allow":["GET"]}}],"collection":[{"href":"https:\/\/colonos.eco.br\/variedadesdositio\/wp-json\/wp\/v2\/product"}],"about":[{"href":"https:\/\/colonos.eco.br\/variedadesdositio\/wp-json\/wp\/v2\/types\/product"}],"wp:featuredmedia":[{"embeddable":true,"href":"https:\/\/colonos.eco.br\/variedadesdositio\/wp-json\/wp\/v2\/media\/5202"}],"wp:attachment":[{"href":"https:\/\/colonos.eco.br\/variedadesdositio\/wp-json\/wp\/v2\/media?parent=5003"}],"wp:term":[{"taxonomy":"product_brand","embeddable":true,"href":"https:\/\/colonos.eco.br\/variedadesdositio\/wp-json\/wp\/v2\/product_brand?post=5003"},{"taxonomy":"product_cat","embeddable":true,"href":"https:\/\/colonos.eco.br\/variedadesdositio\/wp-json\/wp\/v2\/product_cat?post=5003"},{"taxonomy":"product_tag","embeddable":true,"href":"https:\/\/colonos.eco.br\/variedadesdositio\/wp-json\/wp\/v2\/product_tag?post=5003"}],"curies":[{"name":"wp","href":"https:\/\/api.w.org\/{rel}","templated":true}]}}