{"id":5007,"date":"2022-04-10T23:42:06","date_gmt":"2022-04-11T04:42:06","guid":{"rendered":"https:\/\/colonos.eco.br\/variedadesdositio\/produto\/pacoca-de-gergelim\/"},"modified":"2025-06-18T12:23:57","modified_gmt":"2025-06-18T17:23:57","slug":"pacoca-de-gergelim","status":"publish","type":"product","link":"https:\/\/colonos.eco.br\/variedadesdositio\/produto\/pacoca-de-gergelim\/","title":{"rendered":"Pa\u00e7oca de gergelim"},"content":{"rendered":"<p>A pa\u00e7oca de gergelim \u00e9 um tipo de pa\u00e7oca doce considerado mais saud\u00e1vel que outras. Por ser rico em fibras, o gergelim d\u00e1 sensa\u00e7\u00e3o de saciedade e melhora o tr\u00e2nsito intestinal, entre outros benef\u00edcios. Os benef\u00edcios do gergelim est\u00e3o relacionados \u00e0s suas fibras, que ajudam a melhorar o funcionamento intestinal e a reduzir os n\u00edveis de colesterol no organismo.<\/p>\n","protected":false},"excerpt":{"rendered":"<p>A pa\u00e7oca de gergelim \u00e9 um doce feito atrav\u00e9s da pilagem da semente de gergelim torrada, farinha de mandioca e a\u00e7ucar mascavo.<\/p>\n","protected":false},"featured_media":6555,"template":"","meta":[],"product_brand":[],"product_cat":[156],"product_tag":[],"class_list":{"0":"post-5007","1":"product","2":"type-product","3":"status-publish","4":"has-post-thumbnail","6":"product_cat-bolos-doces","8":"first","9":"instock","10":"shipping-taxable","11":"product-type-simple"},"_links":{"self":[{"href":"https:\/\/colonos.eco.br\/variedadesdositio\/wp-json\/wp\/v2\/product\/5007","targetHints":{"allow":["GET"]}}],"collection":[{"href":"https:\/\/colonos.eco.br\/variedadesdositio\/wp-json\/wp\/v2\/product"}],"about":[{"href":"https:\/\/colonos.eco.br\/variedadesdositio\/wp-json\/wp\/v2\/types\/product"}],"wp:featuredmedia":[{"embeddable":true,"href":"https:\/\/colonos.eco.br\/variedadesdositio\/wp-json\/wp\/v2\/media\/6555"}],"wp:attachment":[{"href":"https:\/\/colonos.eco.br\/variedadesdositio\/wp-json\/wp\/v2\/media?parent=5007"}],"wp:term":[{"taxonomy":"product_brand","embeddable":true,"href":"https:\/\/colonos.eco.br\/variedadesdositio\/wp-json\/wp\/v2\/product_brand?post=5007"},{"taxonomy":"product_cat","embeddable":true,"href":"https:\/\/colonos.eco.br\/variedadesdositio\/wp-json\/wp\/v2\/product_cat?post=5007"},{"taxonomy":"product_tag","embeddable":true,"href":"https:\/\/colonos.eco.br\/variedadesdositio\/wp-json\/wp\/v2\/product_tag?post=5007"}],"curies":[{"name":"wp","href":"https:\/\/api.w.org\/{rel}","templated":true}]}}