{"id":5009,"date":"2022-04-10T23:42:06","date_gmt":"2022-04-11T04:42:06","guid":{"rendered":"https:\/\/colonos.eco.br\/variedadesdositio\/produto\/palha-de-alho\/"},"modified":"2025-06-18T12:24:27","modified_gmt":"2025-06-18T17:24:27","slug":"palha-de-alho","status":"publish","type":"product","link":"https:\/\/colonos.eco.br\/variedadesdositio\/produto\/palha-de-alho\/","title":{"rendered":"Palha de alho (Nir\u00e1)"},"content":{"rendered":"<p>Uma planta de folhas achatadas com leve sabor de alho. E s\u00e3o as folhas achatadas que a diferenciam do alho, cebolinha e cebola. Muito usada na culin\u00e1ria asi\u00e1tica, est\u00e1 presente em pratos tradicionais como a guioza. Pode ser introduzida em risotos e mais pratos quentes a sua escolha. Fortalece o sistema imunol\u00f3gico, tem a\u00e7\u00e3o antiss\u00e9ptica, \u00e9 rica em vitamina A e C.<\/p>\n","protected":false},"excerpt":{"rendered":"<p>\u00c9 uma erva culin\u00e1ria, do mesmo g\u00eanero que a cebola, cebolinha, alho-por\u00f3 e alho, tamb\u00e9m se desenvolve em bulbos.<\/p>\n","protected":false},"featured_media":5209,"template":"","meta":[],"product_brand":[],"product_cat":[91],"product_tag":[196],"class_list":{"0":"post-5009","1":"product","2":"type-product","3":"status-publish","4":"has-post-thumbnail","6":"product_cat-ervas-temperos","7":"product_tag-verdura","9":"first","10":"instock","11":"shipping-taxable","12":"product-type-simple"},"_links":{"self":[{"href":"https:\/\/colonos.eco.br\/variedadesdositio\/wp-json\/wp\/v2\/product\/5009","targetHints":{"allow":["GET"]}}],"collection":[{"href":"https:\/\/colonos.eco.br\/variedadesdositio\/wp-json\/wp\/v2\/product"}],"about":[{"href":"https:\/\/colonos.eco.br\/variedadesdositio\/wp-json\/wp\/v2\/types\/product"}],"wp:featuredmedia":[{"embeddable":true,"href":"https:\/\/colonos.eco.br\/variedadesdositio\/wp-json\/wp\/v2\/media\/5209"}],"wp:attachment":[{"href":"https:\/\/colonos.eco.br\/variedadesdositio\/wp-json\/wp\/v2\/media?parent=5009"}],"wp:term":[{"taxonomy":"product_brand","embeddable":true,"href":"https:\/\/colonos.eco.br\/variedadesdositio\/wp-json\/wp\/v2\/product_brand?post=5009"},{"taxonomy":"product_cat","embeddable":true,"href":"https:\/\/colonos.eco.br\/variedadesdositio\/wp-json\/wp\/v2\/product_cat?post=5009"},{"taxonomy":"product_tag","embeddable":true,"href":"https:\/\/colonos.eco.br\/variedadesdositio\/wp-json\/wp\/v2\/product_tag?post=5009"}],"curies":[{"name":"wp","href":"https:\/\/api.w.org\/{rel}","templated":true}]}}