{"id":5022,"date":"2022-04-10T23:42:10","date_gmt":"2022-04-11T04:42:10","guid":{"rendered":"https:\/\/colonos.eco.br\/variedadesdositio\/produto\/patua\/"},"modified":"2025-06-18T12:24:27","modified_gmt":"2025-06-18T17:24:27","slug":"patua","status":"publish","type":"product","link":"https:\/\/colonos.eco.br\/variedadesdositio\/produto\/patua\/","title":{"rendered":"Pato\u00e0"},"content":{"rendered":"<p>Palmeira origin\u00e1ria da Amaz\u00f4nia, que produz um fruto comest\u00edvel rico em \u00f3leo de alta qualidade. Pr\u00f3pria da floresta pluvial tropical, \u00e9 abundante nas zonas \u00famidas a menos de 1000 m acima do n\u00edvel do mar, desde o Panam\u00e1 at\u00e9 o noroeste da Am\u00e9rica do Sul (Col\u00f4mbia, Venezuela, Guianas, Brasil, Bol\u00edvia, Equador e Peru). Caracteriza-se por um estipe ou caule solit\u00e1rio ereto, de 10 a 25 m de altura e 20 a 30 cm de di\u00e2metro, liso, anelado. Tem de 10 a 16 folhas terminais, penduladas para os lados, com pec\u00edolo de 1 a 50 cm y r\u00e1quis de 3 a 7 m de comprimento; \u00e1pice acuminado, limbo com p\u00ednulas alternas com at\u00e9 2 m de comprimento e 15 cm de largura, aproximadamente 100 de cada lado, colocadas no mesmo plano. Floresc\u00eancia de 1 a 2 m de comprimento, com cerca de 300 r\u00e1quilas de at\u00e9 1,3 m de comprimento. Flores: amarelas com s\u00e9palas de at\u00e9 2 mm e p\u00e9talas com at\u00e9 7 mm. Frutos: s\u00e3o preto-viol\u00e1ceos, oblongos, com 3 a 4 cm de comprimento por 2 cm de di\u00e2metro, com exocarpo delgado e liso, mesocarpo carnoso e rico em um \u00f3leo com 4% de prote\u00edna, pesando de 10 a 15 g cada um, sendo que a polpa corresponde a 40% do peso. Cada palmeira produz de 3 a 4 racemos e cada racemo tem mais de mil frutos. Cultivo: acredita-se que o patauazeiro \u00e9 uma palmeira que pode ser cultivada comercialmente, pois se adapta a solos pobres e sua produ\u00e7\u00e3o de frutos \u00e9 abundante.<\/p>\n","protected":false},"excerpt":{"rendered":"<p>Palmeira origin\u00e1ria da Amaz\u00f4nia, que produz um fruto comest\u00edvel rico em \u00f3leo de alta qualidade.<\/p>\n","protected":false},"featured_media":5986,"template":"","meta":[],"product_brand":[],"product_cat":[152],"product_tag":[88,199],"class_list":{"0":"post-5022","1":"product","2":"type-product","3":"status-publish","4":"has-post-thumbnail","6":"product_cat-polpas-frutas","7":"product_tag-polpa","8":"product_tag-sazonal","10":"first","11":"instock","12":"shipping-taxable","13":"product-type-simple"},"_links":{"self":[{"href":"https:\/\/colonos.eco.br\/variedadesdositio\/wp-json\/wp\/v2\/product\/5022","targetHints":{"allow":["GET"]}}],"collection":[{"href":"https:\/\/colonos.eco.br\/variedadesdositio\/wp-json\/wp\/v2\/product"}],"about":[{"href":"https:\/\/colonos.eco.br\/variedadesdositio\/wp-json\/wp\/v2\/types\/product"}],"wp:featuredmedia":[{"embeddable":true,"href":"https:\/\/colonos.eco.br\/variedadesdositio\/wp-json\/wp\/v2\/media\/5986"}],"wp:attachment":[{"href":"https:\/\/colonos.eco.br\/variedadesdositio\/wp-json\/wp\/v2\/media?parent=5022"}],"wp:term":[{"taxonomy":"product_brand","embeddable":true,"href":"https:\/\/colonos.eco.br\/variedadesdositio\/wp-json\/wp\/v2\/product_brand?post=5022"},{"taxonomy":"product_cat","embeddable":true,"href":"https:\/\/colonos.eco.br\/variedadesdositio\/wp-json\/wp\/v2\/product_cat?post=5022"},{"taxonomy":"product_tag","embeddable":true,"href":"https:\/\/colonos.eco.br\/variedadesdositio\/wp-json\/wp\/v2\/product_tag?post=5022"}],"curies":[{"name":"wp","href":"https:\/\/api.w.org\/{rel}","templated":true}]}}