{"id":5023,"date":"2022-04-11T04:42:10","date_gmt":"2022-04-11T04:42:10","guid":{"rendered":"https:\/\/colonos.eco.br\/variedadesdositio\/produto\/pe-de-moleque\/"},"modified":"2025-06-18T12:24:27","modified_gmt":"2025-06-18T17:24:27","slug":"pe-de-moleque","status":"publish","type":"product","link":"https:\/\/colonos.eco.br\/variedadesdositio\/produto\/pe-de-moleque\/","title":{"rendered":"P\u00e9-de-moleque"},"content":{"rendered":"<p>O p\u00e9 de moleque[nota \u00e9 um doce t\u00edpico da culin\u00e1ria brasileira, feito a partir da mistura de amendoim torrado com rapadura. O p\u00e9 de moleque surgiu em meados do s\u00e9culo XVI, com a chegada da cana-de-a\u00e7\u00facar ao Brasil. A cidade de Piranguinho, no sul do estado de Minas Gerais, \u00e9 conhecida pela produ\u00e7\u00e3o artesanal da guloseima, e tem se destacado no cen\u00e1rio nacional atrav\u00e9s da festa do maior p\u00e9 de moleque do mundo, que faz parte do calend\u00e1rio cultural de festividades do munic\u00edpio<\/p>\n","protected":false},"excerpt":{"rendered":"<p>O p\u00e9 de moleque[nota \u00e9 um doce t\u00edpico da culin\u00e1ria brasileira, feito a partir da mistura de amendoim torrado com rapadura.<\/p>\n","protected":false},"featured_media":5987,"template":"","meta":[],"product_brand":[],"product_cat":[156],"product_tag":[106,201,200],"class_list":{"0":"post-5023","1":"product","2":"type-product","3":"status-publish","4":"has-post-thumbnail","6":"product_cat-bolos-doces","7":"product_tag-bolo","8":"product_tag-lanche","9":"product_tag-mandioca","11":"first","12":"instock","13":"shipping-taxable","14":"product-type-simple"},"_links":{"self":[{"href":"https:\/\/colonos.eco.br\/variedadesdositio\/wp-json\/wp\/v2\/product\/5023","targetHints":{"allow":["GET"]}}],"collection":[{"href":"https:\/\/colonos.eco.br\/variedadesdositio\/wp-json\/wp\/v2\/product"}],"about":[{"href":"https:\/\/colonos.eco.br\/variedadesdositio\/wp-json\/wp\/v2\/types\/product"}],"wp:featuredmedia":[{"embeddable":true,"href":"https:\/\/colonos.eco.br\/variedadesdositio\/wp-json\/wp\/v2\/media\/5987"}],"wp:attachment":[{"href":"https:\/\/colonos.eco.br\/variedadesdositio\/wp-json\/wp\/v2\/media?parent=5023"}],"wp:term":[{"taxonomy":"product_brand","embeddable":true,"href":"https:\/\/colonos.eco.br\/variedadesdositio\/wp-json\/wp\/v2\/product_brand?post=5023"},{"taxonomy":"product_cat","embeddable":true,"href":"https:\/\/colonos.eco.br\/variedadesdositio\/wp-json\/wp\/v2\/product_cat?post=5023"},{"taxonomy":"product_tag","embeddable":true,"href":"https:\/\/colonos.eco.br\/variedadesdositio\/wp-json\/wp\/v2\/product_tag?post=5023"}],"curies":[{"name":"wp","href":"https:\/\/api.w.org\/{rel}","templated":true}]}}