{"id":5024,"date":"2022-04-11T04:42:10","date_gmt":"2022-04-11T04:42:10","guid":{"rendered":"https:\/\/colonos.eco.br\/variedadesdositio\/produto\/pepino-comum\/"},"modified":"2025-06-18T12:24:27","modified_gmt":"2025-06-18T17:24:27","slug":"pepino-comum","status":"publish","type":"product","link":"https:\/\/colonos.eco.br\/variedadesdositio\/produto\/pepino-comum\/","title":{"rendered":"Pepino comum"},"content":{"rendered":"<p>Vers\u00e1til, o pepino est\u00e1 presente em diferentes culturas, o que pode ser notado quando se analisam os pa\u00edses campe\u00f5es de produ\u00e7\u00e3o da hortali\u00e7a: China, Turquia, Ir\u00e3 e Estados Unidos. No Brasil, os estados produtores s\u00e3o Minas Gerais, S\u00e3o Paulo, Rio de Janeiro e Goi\u00e1s. O uso mais comum do pepino \u00e9 na culin\u00e1ria, em saladas, sucos, sopas e caldos, mas o vegetal tamb\u00e9m est\u00e1 presente na ind\u00fastria cosm\u00e9tica em cremes, t\u00f4nicos, gel, lo\u00e7\u00e3o, m\u00e1scara facial e, ainda, como solu\u00e7\u00e3o caseira para desinchar a pele dos olhos, apenas aplicando rodelas no local.<\/p>\n","protected":false},"excerpt":{"rendered":"<p>O pepino aodai \u00e9 o mais usado aqui no Brasil &#8211; por isso, inclusive, ele \u00e9 conhecido como pepino &#8220;comum&#8221;. O grande diferencial desse tipo \u00e9 que ele costuma ter um formato mais cil\u00edndrico e levemente comprido (em geral mede cerca de 20 cm).<\/p>\n","protected":false},"featured_media":5213,"template":"","meta":[],"product_brand":[],"product_cat":[153],"product_tag":[202,187],"class_list":{"0":"post-5024","1":"product","2":"type-product","3":"status-publish","4":"has-post-thumbnail","6":"product_cat-verduras-legumes","7":"product_tag-legume","8":"product_tag-salada","10":"first","11":"instock","12":"shipping-taxable","13":"purchasable","14":"product-type-simple"},"_links":{"self":[{"href":"https:\/\/colonos.eco.br\/variedadesdositio\/wp-json\/wp\/v2\/product\/5024","targetHints":{"allow":["GET"]}}],"collection":[{"href":"https:\/\/colonos.eco.br\/variedadesdositio\/wp-json\/wp\/v2\/product"}],"about":[{"href":"https:\/\/colonos.eco.br\/variedadesdositio\/wp-json\/wp\/v2\/types\/product"}],"wp:featuredmedia":[{"embeddable":true,"href":"https:\/\/colonos.eco.br\/variedadesdositio\/wp-json\/wp\/v2\/media\/5213"}],"wp:attachment":[{"href":"https:\/\/colonos.eco.br\/variedadesdositio\/wp-json\/wp\/v2\/media?parent=5024"}],"wp:term":[{"taxonomy":"product_brand","embeddable":true,"href":"https:\/\/colonos.eco.br\/variedadesdositio\/wp-json\/wp\/v2\/product_brand?post=5024"},{"taxonomy":"product_cat","embeddable":true,"href":"https:\/\/colonos.eco.br\/variedadesdositio\/wp-json\/wp\/v2\/product_cat?post=5024"},{"taxonomy":"product_tag","embeddable":true,"href":"https:\/\/colonos.eco.br\/variedadesdositio\/wp-json\/wp\/v2\/product_tag?post=5024"}],"curies":[{"name":"wp","href":"https:\/\/api.w.org\/{rel}","templated":true}]}}