{"id":5030,"date":"2022-04-11T04:42:11","date_gmt":"2022-04-11T04:42:11","guid":{"rendered":"https:\/\/colonos.eco.br\/variedadesdositio\/produto\/pernil-suino\/"},"modified":"2025-06-18T12:24:27","modified_gmt":"2025-06-18T17:24:27","slug":"pernil-suino","status":"publish","type":"product","link":"https:\/\/colonos.eco.br\/variedadesdositio\/produto\/pernil-suino\/","title":{"rendered":"Pernil su\u00edno"},"content":{"rendered":"<p>\u00c9 uma pe\u00e7a derivada do lombo su\u00edno e sua textura da carne torna o corte t\u00e3o nobre quanto a alcatra. Pode ser fatiada de maneiras diferentes e oferece in\u00fameras alternativas de preparo. Derivado do lombo, \u00e9 macio, saboroso e combina com distintos acompanhamentos.7 de jun. de 2018<\/p>\n","protected":false},"excerpt":{"rendered":"<p>\u00c9 uma pe\u00e7a derivada do lombo su\u00edno e sua textura da carne torna o corte t\u00e3o nobre quanto a alcatra.<\/p>\n","protected":false},"featured_media":5994,"template":"","meta":[],"product_brand":[],"product_cat":[157],"product_tag":[183],"class_list":{"0":"post-5030","1":"product","2":"type-product","3":"status-publish","4":"has-post-thumbnail","6":"product_cat-carnes-peixes","7":"product_tag-suino","9":"first","10":"instock","11":"shipping-taxable","12":"product-type-simple"},"_links":{"self":[{"href":"https:\/\/colonos.eco.br\/variedadesdositio\/wp-json\/wp\/v2\/product\/5030","targetHints":{"allow":["GET"]}}],"collection":[{"href":"https:\/\/colonos.eco.br\/variedadesdositio\/wp-json\/wp\/v2\/product"}],"about":[{"href":"https:\/\/colonos.eco.br\/variedadesdositio\/wp-json\/wp\/v2\/types\/product"}],"wp:featuredmedia":[{"embeddable":true,"href":"https:\/\/colonos.eco.br\/variedadesdositio\/wp-json\/wp\/v2\/media\/5994"}],"wp:attachment":[{"href":"https:\/\/colonos.eco.br\/variedadesdositio\/wp-json\/wp\/v2\/media?parent=5030"}],"wp:term":[{"taxonomy":"product_brand","embeddable":true,"href":"https:\/\/colonos.eco.br\/variedadesdositio\/wp-json\/wp\/v2\/product_brand?post=5030"},{"taxonomy":"product_cat","embeddable":true,"href":"https:\/\/colonos.eco.br\/variedadesdositio\/wp-json\/wp\/v2\/product_cat?post=5030"},{"taxonomy":"product_tag","embeddable":true,"href":"https:\/\/colonos.eco.br\/variedadesdositio\/wp-json\/wp\/v2\/product_tag?post=5030"}],"curies":[{"name":"wp","href":"https:\/\/api.w.org\/{rel}","templated":true}]}}