{"id":5033,"date":"2022-04-11T04:42:11","date_gmt":"2022-04-11T04:42:11","guid":{"rendered":"https:\/\/colonos.eco.br\/variedadesdositio\/produto\/pimenta-de-cheiro-em-po\/"},"modified":"2025-06-18T12:24:27","modified_gmt":"2025-06-18T17:24:27","slug":"pimenta-de-cheiro-em-po","status":"publish","type":"product","link":"https:\/\/colonos.eco.br\/variedadesdositio\/produto\/pimenta-de-cheiro-em-po\/","title":{"rendered":"Pimenta de Cheiro em p\u00f3"},"content":{"rendered":"<p>O nome pimenta-de-cheiro \u00e9 aplicado a diferentes pimentas que t\u00eam em comum o aroma acentuado, mas que diferem quanto ao formato, tamanho e pic\u00e2ncia dos frutos. Essas pimentas foram domesticadas pelos ind\u00edgenas amaz\u00f4nicos.<\/p>\n","protected":false},"excerpt":{"rendered":"<p>Indicada principalmente para temperar peixes e crust\u00e1ceos, tamb\u00e9m podendo ser usada para pratos com frango, risotos e legumes refogados.<\/p>\n","protected":false},"featured_media":0,"template":"","meta":[],"product_brand":[],"product_cat":[91],"product_tag":[188],"class_list":{"0":"post-5033","1":"product","2":"type-product","3":"status-publish","5":"product_cat-ervas-temperos","6":"product_tag-pimenta","8":"first","9":"instock","10":"shipping-taxable","11":"product-type-simple"},"_links":{"self":[{"href":"https:\/\/colonos.eco.br\/variedadesdositio\/wp-json\/wp\/v2\/product\/5033","targetHints":{"allow":["GET"]}}],"collection":[{"href":"https:\/\/colonos.eco.br\/variedadesdositio\/wp-json\/wp\/v2\/product"}],"about":[{"href":"https:\/\/colonos.eco.br\/variedadesdositio\/wp-json\/wp\/v2\/types\/product"}],"wp:attachment":[{"href":"https:\/\/colonos.eco.br\/variedadesdositio\/wp-json\/wp\/v2\/media?parent=5033"}],"wp:term":[{"taxonomy":"product_brand","embeddable":true,"href":"https:\/\/colonos.eco.br\/variedadesdositio\/wp-json\/wp\/v2\/product_brand?post=5033"},{"taxonomy":"product_cat","embeddable":true,"href":"https:\/\/colonos.eco.br\/variedadesdositio\/wp-json\/wp\/v2\/product_cat?post=5033"},{"taxonomy":"product_tag","embeddable":true,"href":"https:\/\/colonos.eco.br\/variedadesdositio\/wp-json\/wp\/v2\/product_tag?post=5033"}],"curies":[{"name":"wp","href":"https:\/\/api.w.org\/{rel}","templated":true}]}}