{"id":5036,"date":"2022-04-11T04:42:12","date_gmt":"2022-04-11T04:42:12","guid":{"rendered":"https:\/\/colonos.eco.br\/variedadesdositio\/produto\/pitanga\/"},"modified":"2025-06-18T12:24:54","modified_gmt":"2025-06-18T17:24:54","slug":"pitanga","status":"publish","type":"product","link":"https:\/\/colonos.eco.br\/variedadesdositio\/produto\/pitanga\/","title":{"rendered":"Pitanga"},"content":{"rendered":"<p>Pitanga \u00e9 uma fruta que mede de 2 a 3 cm de di\u00e2metro e possuem um formato arredondado e achatado nas extremidades. A fruta possui um sabor agridoce, polpa aquosa e perfumada. Sua casca tamb\u00e9m pode apresentar outras cores, podendo ser alaranjada ou branca. Possuindo um valor cal\u00f3rico baixo, a fruta det\u00e9m quantidades significativas de vitamina C, A e do complexo B, al\u00e9m de c\u00e1lcio, ferro e f\u00f3sforo. O licopeno, subst\u00e2ncia presente na fruta e respons\u00e1vel pela sua colora\u00e7\u00e3o avermelhada, \u00e9 antioxidante e eficiente no combate a doen\u00e7as degenerativas, tais como o c\u00e2ncer. A pitanga \u00e9 consumida in natura, al\u00e9m de ser usada na fabrica\u00e7\u00e3o de sucos, sorvetes, gel\u00e9ias, vinhos, doces e licores.<\/p>\n","protected":false},"excerpt":{"rendered":"<p>Possuindo um valor cal\u00f3rico baixo, a fruta det\u00e9m quantidades significativas de vitamina C, A e do complexo B, al\u00e9m de c\u00e1lcio, ferro e f\u00f3sforo.<\/p>\n","protected":false},"featured_media":6003,"template":"","meta":[],"product_brand":[],"product_cat":[152],"product_tag":[166],"class_list":{"0":"post-5036","1":"product","2":"type-product","3":"status-publish","4":"has-post-thumbnail","6":"product_cat-polpas-frutas","7":"product_tag-fruta","9":"first","10":"instock","11":"shipping-taxable","12":"product-type-simple"},"_links":{"self":[{"href":"https:\/\/colonos.eco.br\/variedadesdositio\/wp-json\/wp\/v2\/product\/5036","targetHints":{"allow":["GET"]}}],"collection":[{"href":"https:\/\/colonos.eco.br\/variedadesdositio\/wp-json\/wp\/v2\/product"}],"about":[{"href":"https:\/\/colonos.eco.br\/variedadesdositio\/wp-json\/wp\/v2\/types\/product"}],"wp:featuredmedia":[{"embeddable":true,"href":"https:\/\/colonos.eco.br\/variedadesdositio\/wp-json\/wp\/v2\/media\/6003"}],"wp:attachment":[{"href":"https:\/\/colonos.eco.br\/variedadesdositio\/wp-json\/wp\/v2\/media?parent=5036"}],"wp:term":[{"taxonomy":"product_brand","embeddable":true,"href":"https:\/\/colonos.eco.br\/variedadesdositio\/wp-json\/wp\/v2\/product_brand?post=5036"},{"taxonomy":"product_cat","embeddable":true,"href":"https:\/\/colonos.eco.br\/variedadesdositio\/wp-json\/wp\/v2\/product_cat?post=5036"},{"taxonomy":"product_tag","embeddable":true,"href":"https:\/\/colonos.eco.br\/variedadesdositio\/wp-json\/wp\/v2\/product_tag?post=5036"}],"curies":[{"name":"wp","href":"https:\/\/api.w.org\/{rel}","templated":true}]}}