{"id":5037,"date":"2022-04-11T04:42:12","date_gmt":"2022-04-11T04:42:12","guid":{"rendered":"https:\/\/colonos.eco.br\/variedadesdositio\/produto\/pitomba\/"},"modified":"2025-06-18T12:24:54","modified_gmt":"2025-06-18T17:24:54","slug":"pitomba","status":"publish","type":"product","link":"https:\/\/colonos.eco.br\/variedadesdositio\/produto\/pitomba\/","title":{"rendered":"Pitomba"},"content":{"rendered":"<p>A pitomba, \u00e9 a fruta da pitombeira, \u00e1rvore presente desde a regi\u00e3o Amaz\u00f4nica at\u00e9 a Mata Atl\u00e2ntica, do Nordeste ao Rio de Janeiro, que chega ter at\u00e9 doze metros. Seus frutos s\u00e3o comest\u00edveis, saborosos e muito consumidos tanto pelo homem como pela fauna. De formato arredondado, de casca dura, colora\u00e7\u00e3o marrom-clara, com um caro\u00e7o no interior, recoberto por uma fina polpa branca agridoce. A pitomba possui em geral um caro\u00e7o, podendo ter dois, revestidos por uma camada fina e suculenta, adocicada e um pouco \u00e1cida. Quando maduros, a fruta tem a cor laranja e em m\u00e9dia cerca de tr\u00eas cent\u00edmetros. Muito rica em Vitamina C, n\u00e3o \u00e9 usada em prepara\u00e7\u00f5es culin\u00e1rias; seu consumo \u00e9 melhor ao natural.<\/p>\n","protected":false},"excerpt":{"rendered":"<p>Muito rica em Vitamina C, n\u00e3o \u00e9 usada em prepara\u00e7\u00f5es culin\u00e1rias; seu consumo \u00e9 melhor ao natural.<\/p>\n","protected":false},"featured_media":6006,"template":"","meta":[],"product_brand":[],"product_cat":[152],"product_tag":[166],"class_list":{"0":"post-5037","1":"product","2":"type-product","3":"status-publish","4":"has-post-thumbnail","6":"product_cat-polpas-frutas","7":"product_tag-fruta","9":"first","10":"instock","11":"shipping-taxable","12":"product-type-simple"},"_links":{"self":[{"href":"https:\/\/colonos.eco.br\/variedadesdositio\/wp-json\/wp\/v2\/product\/5037","targetHints":{"allow":["GET"]}}],"collection":[{"href":"https:\/\/colonos.eco.br\/variedadesdositio\/wp-json\/wp\/v2\/product"}],"about":[{"href":"https:\/\/colonos.eco.br\/variedadesdositio\/wp-json\/wp\/v2\/types\/product"}],"wp:featuredmedia":[{"embeddable":true,"href":"https:\/\/colonos.eco.br\/variedadesdositio\/wp-json\/wp\/v2\/media\/6006"}],"wp:attachment":[{"href":"https:\/\/colonos.eco.br\/variedadesdositio\/wp-json\/wp\/v2\/media?parent=5037"}],"wp:term":[{"taxonomy":"product_brand","embeddable":true,"href":"https:\/\/colonos.eco.br\/variedadesdositio\/wp-json\/wp\/v2\/product_brand?post=5037"},{"taxonomy":"product_cat","embeddable":true,"href":"https:\/\/colonos.eco.br\/variedadesdositio\/wp-json\/wp\/v2\/product_cat?post=5037"},{"taxonomy":"product_tag","embeddable":true,"href":"https:\/\/colonos.eco.br\/variedadesdositio\/wp-json\/wp\/v2\/product_tag?post=5037"}],"curies":[{"name":"wp","href":"https:\/\/api.w.org\/{rel}","templated":true}]}}