{"id":5039,"date":"2022-04-10T23:42:12","date_gmt":"2022-04-11T04:42:12","guid":{"rendered":"https:\/\/colonos.eco.br\/variedadesdositio\/produto\/polpa-caja\/"},"modified":"2025-06-18T12:24:54","modified_gmt":"2025-06-18T17:24:54","slug":"polpa-caja","status":"publish","type":"product","link":"https:\/\/colonos.eco.br\/variedadesdositio\/produto\/polpa-caja\/","title":{"rendered":"Polpa de Caj\u00e1"},"content":{"rendered":"<p>O caj\u00e1 \u00e9 o fruto da cajazeira (nome cient\u00edfico Spondias mombin L.), \u00e1rvore da fam\u00edlia das Anacardi\u00e1ceas que est\u00e1 presente em v\u00e1rios estados brasileiros, especialmente nos das regi\u00f5es Norte e Nordeste, como nos estados de Sergipe, Para\u00edba Pernambuco, Alagoas, Cear\u00e1, Piau\u00ed e Rio Grande do Norte.<\/p>\n","protected":false},"excerpt":{"rendered":"<p>Possuidora de caracter\u00edstico sabor agridoce, a fruta possui c\u00e1lcio, ferro, vitaminas A, B e C<\/p>\n","protected":false},"featured_media":6011,"template":"","meta":[],"product_brand":[],"product_cat":[152],"product_tag":[88],"class_list":{"0":"post-5039","1":"product","2":"type-product","3":"status-publish","4":"has-post-thumbnail","6":"product_cat-polpas-frutas","7":"product_tag-polpa","9":"first","10":"instock","11":"featured","12":"shipping-taxable","13":"product-type-simple"},"_links":{"self":[{"href":"https:\/\/colonos.eco.br\/variedadesdositio\/wp-json\/wp\/v2\/product\/5039","targetHints":{"allow":["GET"]}}],"collection":[{"href":"https:\/\/colonos.eco.br\/variedadesdositio\/wp-json\/wp\/v2\/product"}],"about":[{"href":"https:\/\/colonos.eco.br\/variedadesdositio\/wp-json\/wp\/v2\/types\/product"}],"wp:featuredmedia":[{"embeddable":true,"href":"https:\/\/colonos.eco.br\/variedadesdositio\/wp-json\/wp\/v2\/media\/6011"}],"wp:attachment":[{"href":"https:\/\/colonos.eco.br\/variedadesdositio\/wp-json\/wp\/v2\/media?parent=5039"}],"wp:term":[{"taxonomy":"product_brand","embeddable":true,"href":"https:\/\/colonos.eco.br\/variedadesdositio\/wp-json\/wp\/v2\/product_brand?post=5039"},{"taxonomy":"product_cat","embeddable":true,"href":"https:\/\/colonos.eco.br\/variedadesdositio\/wp-json\/wp\/v2\/product_cat?post=5039"},{"taxonomy":"product_tag","embeddable":true,"href":"https:\/\/colonos.eco.br\/variedadesdositio\/wp-json\/wp\/v2\/product_tag?post=5039"}],"curies":[{"name":"wp","href":"https:\/\/api.w.org\/{rel}","templated":true}]}}