{"id":5040,"date":"2022-04-10T23:42:12","date_gmt":"2022-04-11T04:42:12","guid":{"rendered":"https:\/\/colonos.eco.br\/variedadesdositio\/produto\/polpa-caju\/"},"modified":"2025-06-18T12:24:54","modified_gmt":"2025-06-18T17:24:54","slug":"polpa-caju","status":"publish","type":"product","link":"https:\/\/colonos.eco.br\/variedadesdositio\/produto\/polpa-caju\/","title":{"rendered":"Polpa de Caju"},"content":{"rendered":"<p>O fruto propriamente dito \u00e9 duro e oleaginoso, mais conhecido como &#8220;castanha de caju&#8221;, cuja semente \u00e9 consumida depois do fruto ser assado, para remover a casca, ao natural, salgado ou assado com a\u00e7\u00facar. A extra\u00e7\u00e3o da am\u00eandoa da castanha de caju depois de seca, \u00e9 um processo que exige tempo, m\u00e9todo e m\u00e3o de obra.<\/p>\n","protected":false},"excerpt":{"rendered":"<p>A carne do Caju \u00e9 suculento e rico em vitamina C e ferro, possui tamb\u00e9m nutrientes como c\u00e1lcio, ferro, f\u00f3sforo, pot\u00e1ssio e vitaminas A e do complexo B.<\/p>\n","protected":false},"featured_media":0,"template":"","meta":[],"product_brand":[],"product_cat":[152],"product_tag":[88],"class_list":{"0":"post-5040","1":"product","2":"type-product","3":"status-publish","5":"product_cat-polpas-frutas","6":"product_tag-polpa","8":"first","9":"instock","10":"shipping-taxable","11":"purchasable","12":"product-type-simple"},"_links":{"self":[{"href":"https:\/\/colonos.eco.br\/variedadesdositio\/wp-json\/wp\/v2\/product\/5040","targetHints":{"allow":["GET"]}}],"collection":[{"href":"https:\/\/colonos.eco.br\/variedadesdositio\/wp-json\/wp\/v2\/product"}],"about":[{"href":"https:\/\/colonos.eco.br\/variedadesdositio\/wp-json\/wp\/v2\/types\/product"}],"wp:attachment":[{"href":"https:\/\/colonos.eco.br\/variedadesdositio\/wp-json\/wp\/v2\/media?parent=5040"}],"wp:term":[{"taxonomy":"product_brand","embeddable":true,"href":"https:\/\/colonos.eco.br\/variedadesdositio\/wp-json\/wp\/v2\/product_brand?post=5040"},{"taxonomy":"product_cat","embeddable":true,"href":"https:\/\/colonos.eco.br\/variedadesdositio\/wp-json\/wp\/v2\/product_cat?post=5040"},{"taxonomy":"product_tag","embeddable":true,"href":"https:\/\/colonos.eco.br\/variedadesdositio\/wp-json\/wp\/v2\/product_tag?post=5040"}],"curies":[{"name":"wp","href":"https:\/\/api.w.org\/{rel}","templated":true}]}}