{"id":5041,"date":"2022-04-11T04:42:12","date_gmt":"2022-04-11T04:42:12","guid":{"rendered":"https:\/\/colonos.eco.br\/variedadesdositio\/produto\/polpa-cupuacu\/"},"modified":"2025-06-18T12:24:54","modified_gmt":"2025-06-18T17:24:54","slug":"polpa-cupuacu","status":"publish","type":"product","link":"https:\/\/colonos.eco.br\/variedadesdositio\/produto\/polpa-cupuacu\/","title":{"rendered":"Polpa de Cupua\u00e7u"},"content":{"rendered":"<p>O cupua\u00e7u \u00e9 uma fruta que pode ser comercializada pela f\u00e1brica de polpa de cupua\u00e7u atrav\u00e9s da extra\u00e7\u00e3o da carne da fruta com m\u00e1quinas especializadas. Durante a produ\u00e7\u00e3o do creme de cupua\u00e7u, a f\u00e1brica de polpa de cupua\u00e7u pode adicionar \u00e0s receitas outras frutas, de forma a oferecer mais variedade.<\/p>\n","protected":false},"excerpt":{"rendered":"<p>O cupua\u00e7u \u00e9 uma grande fonte de vitamina A, B1, B2, B3 e C<\/p>\n","protected":false},"featured_media":6012,"template":"","meta":[],"product_brand":[],"product_cat":[152],"product_tag":[88],"class_list":{"0":"post-5041","1":"product","2":"type-product","3":"status-publish","4":"has-post-thumbnail","6":"product_cat-polpas-frutas","7":"product_tag-polpa","9":"first","10":"instock","11":"featured","12":"shipping-taxable","13":"product-type-simple"},"_links":{"self":[{"href":"https:\/\/colonos.eco.br\/variedadesdositio\/wp-json\/wp\/v2\/product\/5041","targetHints":{"allow":["GET"]}}],"collection":[{"href":"https:\/\/colonos.eco.br\/variedadesdositio\/wp-json\/wp\/v2\/product"}],"about":[{"href":"https:\/\/colonos.eco.br\/variedadesdositio\/wp-json\/wp\/v2\/types\/product"}],"wp:featuredmedia":[{"embeddable":true,"href":"https:\/\/colonos.eco.br\/variedadesdositio\/wp-json\/wp\/v2\/media\/6012"}],"wp:attachment":[{"href":"https:\/\/colonos.eco.br\/variedadesdositio\/wp-json\/wp\/v2\/media?parent=5041"}],"wp:term":[{"taxonomy":"product_brand","embeddable":true,"href":"https:\/\/colonos.eco.br\/variedadesdositio\/wp-json\/wp\/v2\/product_brand?post=5041"},{"taxonomy":"product_cat","embeddable":true,"href":"https:\/\/colonos.eco.br\/variedadesdositio\/wp-json\/wp\/v2\/product_cat?post=5041"},{"taxonomy":"product_tag","embeddable":true,"href":"https:\/\/colonos.eco.br\/variedadesdositio\/wp-json\/wp\/v2\/product_tag?post=5041"}],"curies":[{"name":"wp","href":"https:\/\/api.w.org\/{rel}","templated":true}]}}