{"id":5047,"date":"2022-04-11T04:42:15","date_gmt":"2022-04-11T09:42:15","guid":{"rendered":"https:\/\/colonos.eco.br\/variedadesdositio\/produto\/polpa-de-graviola\/"},"modified":"2025-06-18T12:24:54","modified_gmt":"2025-06-18T17:24:54","slug":"polpa-de-graviola","status":"publish","type":"product","link":"https:\/\/colonos.eco.br\/variedadesdositio\/produto\/polpa-de-graviola\/","title":{"rendered":"Polpa de Graviola"},"content":{"rendered":"<p>Uma fruta cremosa de sabor levemente adocicado com rica composi\u00e7\u00e3o nutricional. Comporta vitaminas B1 e B2, sendo tamb\u00e9m uma fonte importante de c\u00e1lcio e f\u00f3sforo, a graviola t\u00eam diversas propriedades terap\u00eauticas: diur\u00e9tica, adstringente, antiflamat\u00f3ria e antirreum\u00e1tica.<\/p>\n","protected":false},"excerpt":{"rendered":"<p>Uma fruta cremosa de sabor levemente adocicado com rica composi\u00e7\u00e3o nutricional. Comporta vitaminas B1 e B2.<\/p>\n","protected":false},"featured_media":6019,"template":"","meta":[],"product_brand":[],"product_cat":[152],"product_tag":[88],"class_list":{"0":"post-5047","1":"product","2":"type-product","3":"status-publish","4":"has-post-thumbnail","6":"product_cat-polpas-frutas","7":"product_tag-polpa","9":"first","10":"instock","11":"shipping-taxable","12":"product-type-simple"},"_links":{"self":[{"href":"https:\/\/colonos.eco.br\/variedadesdositio\/wp-json\/wp\/v2\/product\/5047","targetHints":{"allow":["GET"]}}],"collection":[{"href":"https:\/\/colonos.eco.br\/variedadesdositio\/wp-json\/wp\/v2\/product"}],"about":[{"href":"https:\/\/colonos.eco.br\/variedadesdositio\/wp-json\/wp\/v2\/types\/product"}],"wp:featuredmedia":[{"embeddable":true,"href":"https:\/\/colonos.eco.br\/variedadesdositio\/wp-json\/wp\/v2\/media\/6019"}],"wp:attachment":[{"href":"https:\/\/colonos.eco.br\/variedadesdositio\/wp-json\/wp\/v2\/media?parent=5047"}],"wp:term":[{"taxonomy":"product_brand","embeddable":true,"href":"https:\/\/colonos.eco.br\/variedadesdositio\/wp-json\/wp\/v2\/product_brand?post=5047"},{"taxonomy":"product_cat","embeddable":true,"href":"https:\/\/colonos.eco.br\/variedadesdositio\/wp-json\/wp\/v2\/product_cat?post=5047"},{"taxonomy":"product_tag","embeddable":true,"href":"https:\/\/colonos.eco.br\/variedadesdositio\/wp-json\/wp\/v2\/product_tag?post=5047"}],"curies":[{"name":"wp","href":"https:\/\/api.w.org\/{rel}","templated":true}]}}