{"id":5049,"date":"2022-04-10T23:42:16","date_gmt":"2022-04-11T04:42:16","guid":{"rendered":"https:\/\/colonos.eco.br\/variedadesdositio\/produto\/polpa-de-manga\/"},"modified":"2025-06-18T12:24:54","modified_gmt":"2025-06-18T17:24:54","slug":"polpa-de-manga","status":"publish","type":"product","link":"https:\/\/colonos.eco.br\/variedadesdositio\/produto\/polpa-de-manga\/","title":{"rendered":"Polpa de Manga"},"content":{"rendered":"<p>Cont\u00e9m muitos sais minerais, principalmente o ferro, ajudando em tratamentos de anemia. Das frutas tropicais \u00e9 a que mais protege a pele e a mucosa por conter betacaroteno. Atua no funcionamento intestinal, na fun\u00e7\u00e3o de retina e nos resfriados, ajudam pacientes debilitados, an\u00eamicos e com tumores cancer\u00edgenos.<\/p>\n","protected":false},"excerpt":{"rendered":"<p>Fibrosa, doce e suculenta, esta \u00e9 uma fruta deliciosa, rica em vitaminas A, B e C<\/p>\n","protected":false},"featured_media":5245,"template":"","meta":[],"product_brand":[],"product_cat":[152],"product_tag":[88],"class_list":{"0":"post-5049","1":"product","2":"type-product","3":"status-publish","4":"has-post-thumbnail","6":"product_cat-polpas-frutas","7":"product_tag-polpa","9":"first","10":"instock","11":"shipping-taxable","12":"purchasable","13":"product-type-simple"},"_links":{"self":[{"href":"https:\/\/colonos.eco.br\/variedadesdositio\/wp-json\/wp\/v2\/product\/5049","targetHints":{"allow":["GET"]}}],"collection":[{"href":"https:\/\/colonos.eco.br\/variedadesdositio\/wp-json\/wp\/v2\/product"}],"about":[{"href":"https:\/\/colonos.eco.br\/variedadesdositio\/wp-json\/wp\/v2\/types\/product"}],"wp:featuredmedia":[{"embeddable":true,"href":"https:\/\/colonos.eco.br\/variedadesdositio\/wp-json\/wp\/v2\/media\/5245"}],"wp:attachment":[{"href":"https:\/\/colonos.eco.br\/variedadesdositio\/wp-json\/wp\/v2\/media?parent=5049"}],"wp:term":[{"taxonomy":"product_brand","embeddable":true,"href":"https:\/\/colonos.eco.br\/variedadesdositio\/wp-json\/wp\/v2\/product_brand?post=5049"},{"taxonomy":"product_cat","embeddable":true,"href":"https:\/\/colonos.eco.br\/variedadesdositio\/wp-json\/wp\/v2\/product_cat?post=5049"},{"taxonomy":"product_tag","embeddable":true,"href":"https:\/\/colonos.eco.br\/variedadesdositio\/wp-json\/wp\/v2\/product_tag?post=5049"}],"curies":[{"name":"wp","href":"https:\/\/api.w.org\/{rel}","templated":true}]}}