{"id":5050,"date":"2022-04-10T23:42:16","date_gmt":"2022-04-11T04:42:16","guid":{"rendered":"https:\/\/colonos.eco.br\/variedadesdositio\/produto\/polpa-de-maracuja\/"},"modified":"2025-06-18T12:24:55","modified_gmt":"2025-06-18T17:24:55","slug":"polpa-de-maracuja","status":"publish","type":"product","link":"https:\/\/colonos.eco.br\/variedadesdositio\/produto\/polpa-de-maracuja\/","title":{"rendered":"Polpa de Maracuj\u00e1"},"content":{"rendered":"<p>O maracuj\u00e1 \u00e9 fruto tipicamente brasileiro, sua flor deixou muito impressionados os colonizadores portugueses. Sua polpa, rica em minerais como o c\u00e1lcio, f\u00f3sforo e ferro, pode ser consumida sob forma de sucos, sorvetes, refrescos ou drinks.<\/p>\n","protected":false},"excerpt":{"rendered":"<p>O maracuj\u00e1 cont\u00e9m ainda vitaminas A e C e vitaminas do completo B.<\/p>\n","protected":false},"featured_media":6022,"template":"","meta":[],"product_brand":[],"product_cat":[152],"product_tag":[88],"class_list":{"0":"post-5050","1":"product","2":"type-product","3":"status-publish","4":"has-post-thumbnail","6":"product_cat-polpas-frutas","7":"product_tag-polpa","9":"first","10":"instock","11":"shipping-taxable","12":"purchasable","13":"product-type-simple"},"_links":{"self":[{"href":"https:\/\/colonos.eco.br\/variedadesdositio\/wp-json\/wp\/v2\/product\/5050","targetHints":{"allow":["GET"]}}],"collection":[{"href":"https:\/\/colonos.eco.br\/variedadesdositio\/wp-json\/wp\/v2\/product"}],"about":[{"href":"https:\/\/colonos.eco.br\/variedadesdositio\/wp-json\/wp\/v2\/types\/product"}],"wp:featuredmedia":[{"embeddable":true,"href":"https:\/\/colonos.eco.br\/variedadesdositio\/wp-json\/wp\/v2\/media\/6022"}],"wp:attachment":[{"href":"https:\/\/colonos.eco.br\/variedadesdositio\/wp-json\/wp\/v2\/media?parent=5050"}],"wp:term":[{"taxonomy":"product_brand","embeddable":true,"href":"https:\/\/colonos.eco.br\/variedadesdositio\/wp-json\/wp\/v2\/product_brand?post=5050"},{"taxonomy":"product_cat","embeddable":true,"href":"https:\/\/colonos.eco.br\/variedadesdositio\/wp-json\/wp\/v2\/product_cat?post=5050"},{"taxonomy":"product_tag","embeddable":true,"href":"https:\/\/colonos.eco.br\/variedadesdositio\/wp-json\/wp\/v2\/product_tag?post=5050"}],"curies":[{"name":"wp","href":"https:\/\/api.w.org\/{rel}","templated":true}]}}