{"id":5052,"date":"2022-04-10T23:42:16","date_gmt":"2022-04-11T04:42:16","guid":{"rendered":"https:\/\/colonos.eco.br\/variedadesdositio\/produto\/polpa-goiaba\/"},"modified":"2025-06-18T12:25:21","modified_gmt":"2025-06-18T17:25:21","slug":"polpa-goiaba","status":"publish","type":"product","link":"https:\/\/colonos.eco.br\/variedadesdositio\/produto\/polpa-goiaba\/","title":{"rendered":"Polpa Goiaba"},"content":{"rendered":"<p>O fruto \u00e9 constitu\u00eddo de uma baga, carnoso, casca verde, amarelada ou roxa, com superf\u00edcie lisa ou irregular, de cerca de oito cent\u00edmetros de di\u00e2metro. Em seu interior, h\u00e1 uma polpa rosada, branca ou dourada, contendo dezenas de pequenas sementes duras, mas que podem ser ingeridas sem problemas. Somente as variedades de polpas brancas e vermelhas s\u00e3o comercializadas. As quatro s\u00e9palas da flor est\u00e3o normalmente presentes em uma das extremidades da goiaba. Existem in\u00fameras variedades, as duas mais comuns s\u00e3o a branca, de casca esverdeada e interior amarelo-esverdeado p\u00e1lido, e a vermelha, de casca amarelada e interior rosado.<\/p>\n","protected":false},"excerpt":{"rendered":"<p>Rica em vitaminas A, B1, B2, B6 e C. Possui boa quantidade de c\u00e1lcio e f\u00f3sforo<\/p>\n","protected":false},"featured_media":6024,"template":"","meta":[],"product_brand":[],"product_cat":[152],"product_tag":[88],"class_list":{"0":"post-5052","1":"product","2":"type-product","3":"status-publish","4":"has-post-thumbnail","6":"product_cat-polpas-frutas","7":"product_tag-polpa","9":"first","10":"instock","11":"shipping-taxable","12":"product-type-simple"},"_links":{"self":[{"href":"https:\/\/colonos.eco.br\/variedadesdositio\/wp-json\/wp\/v2\/product\/5052","targetHints":{"allow":["GET"]}}],"collection":[{"href":"https:\/\/colonos.eco.br\/variedadesdositio\/wp-json\/wp\/v2\/product"}],"about":[{"href":"https:\/\/colonos.eco.br\/variedadesdositio\/wp-json\/wp\/v2\/types\/product"}],"wp:featuredmedia":[{"embeddable":true,"href":"https:\/\/colonos.eco.br\/variedadesdositio\/wp-json\/wp\/v2\/media\/6024"}],"wp:attachment":[{"href":"https:\/\/colonos.eco.br\/variedadesdositio\/wp-json\/wp\/v2\/media?parent=5052"}],"wp:term":[{"taxonomy":"product_brand","embeddable":true,"href":"https:\/\/colonos.eco.br\/variedadesdositio\/wp-json\/wp\/v2\/product_brand?post=5052"},{"taxonomy":"product_cat","embeddable":true,"href":"https:\/\/colonos.eco.br\/variedadesdositio\/wp-json\/wp\/v2\/product_cat?post=5052"},{"taxonomy":"product_tag","embeddable":true,"href":"https:\/\/colonos.eco.br\/variedadesdositio\/wp-json\/wp\/v2\/product_tag?post=5052"}],"curies":[{"name":"wp","href":"https:\/\/api.w.org\/{rel}","templated":true}]}}