{"id":5054,"date":"2022-04-11T04:42:16","date_gmt":"2022-04-11T04:42:16","guid":{"rendered":"https:\/\/colonos.eco.br\/variedadesdositio\/produto\/pronobis\/"},"modified":"2025-06-18T12:25:21","modified_gmt":"2025-06-18T17:25:21","slug":"pronobis","status":"publish","type":"product","link":"https:\/\/colonos.eco.br\/variedadesdositio\/produto\/pronobis\/","title":{"rendered":"Pronobis"},"content":{"rendered":"<p>A ora-pro-n\u00f3bis, \u00e9 uma planta comest\u00edvel n\u00e3o convencional, mas que \u00e9 considerada uma planta nativa e abundante em solo brasileiro. Plantas deste tipo, como a bertalha ou a taioba, s\u00e3o uma esp\u00e9cie de &#8220;mato&#8221; comest\u00edvel e com alto valor nutricional, que podem ser encontradas em terrenos baldios e canteiros. O seu nome cient\u00edfico Pereskia aculeata, e suas folhas ricas em fibras e prote\u00ednas podem ser consumidas em saladas, na sopa, ou misturada no arroz. Cont\u00e9m na sua composi\u00e7\u00e3o amino\u00e1cidos essenciais como a lisina e o triptofano, fibras, minerais como f\u00f3sforo, c\u00e1lcio e ferro e vitaminas C, A e do complexo B, o que a torna muito popular entre os adeptos de uma alimenta\u00e7\u00e3o variada e sustent\u00e1vel.<\/p>\n","protected":false},"excerpt":{"rendered":"<p>A ora-pro-n\u00f3bis, \u00e9 uma planta comest\u00edvel n\u00e3o convencional, mas que \u00e9 considerada uma planta nativa e abundante em solo brasileiro.<\/p>\n","protected":false},"featured_media":6025,"template":"","meta":[],"product_brand":[],"product_cat":[91],"product_tag":[104,93],"class_list":{"0":"post-5054","1":"product","2":"type-product","3":"status-publish","4":"has-post-thumbnail","6":"product_cat-ervas-temperos","7":"product_tag-medicinal","8":"product_tag-tempero","10":"first","11":"instock","12":"shipping-taxable","13":"product-type-simple"},"_links":{"self":[{"href":"https:\/\/colonos.eco.br\/variedadesdositio\/wp-json\/wp\/v2\/product\/5054","targetHints":{"allow":["GET"]}}],"collection":[{"href":"https:\/\/colonos.eco.br\/variedadesdositio\/wp-json\/wp\/v2\/product"}],"about":[{"href":"https:\/\/colonos.eco.br\/variedadesdositio\/wp-json\/wp\/v2\/types\/product"}],"wp:featuredmedia":[{"embeddable":true,"href":"https:\/\/colonos.eco.br\/variedadesdositio\/wp-json\/wp\/v2\/media\/6025"}],"wp:attachment":[{"href":"https:\/\/colonos.eco.br\/variedadesdositio\/wp-json\/wp\/v2\/media?parent=5054"}],"wp:term":[{"taxonomy":"product_brand","embeddable":true,"href":"https:\/\/colonos.eco.br\/variedadesdositio\/wp-json\/wp\/v2\/product_brand?post=5054"},{"taxonomy":"product_cat","embeddable":true,"href":"https:\/\/colonos.eco.br\/variedadesdositio\/wp-json\/wp\/v2\/product_cat?post=5054"},{"taxonomy":"product_tag","embeddable":true,"href":"https:\/\/colonos.eco.br\/variedadesdositio\/wp-json\/wp\/v2\/product_tag?post=5054"}],"curies":[{"name":"wp","href":"https:\/\/api.w.org\/{rel}","templated":true}]}}