{"id":5055,"date":"2022-04-11T04:42:16","date_gmt":"2022-04-11T04:42:16","guid":{"rendered":"https:\/\/colonos.eco.br\/variedadesdositio\/produto\/pudim-no-pote\/"},"modified":"2025-06-18T12:25:21","modified_gmt":"2025-06-18T17:25:21","slug":"pudim-no-pote","status":"publish","type":"product","link":"https:\/\/colonos.eco.br\/variedadesdositio\/produto\/pudim-no-pote\/","title":{"rendered":"Pudim no pote"},"content":{"rendered":"<p>Os pudins antigos s\u00e3o apresentados em forma de massa s\u00f3lida, constitu\u00edda pela mistura de v\u00e1rios ingredientes unidos por uma liga que pode incluir farinha de trigo (como no Pudim de Yorkshire), sangue (pudim preto), ovos (pudim de p\u00e3o), ou uma mistura de gordura e farinha ou algum outro cereal (pudim de ameixa). Esses tipos de pudim podem ser assados, cozidos ou fervidos. Esse tipo ainda \u00e9 comum em v\u00e1rios lugares, especialmente na Gr\u00e3-Bretanha, e pode ser o prato principal de uma refei\u00e7\u00e3o ou a sobremesa. Como prato principal, pudins cozidos eram uma refei\u00e7\u00e3o comum a bordo dos navios da Marinha Real nos s\u00e9culos XVIII e XIX, e constitu\u00edam-se no modo usual pelo qual as ra\u00e7\u00f5es di\u00e1rias de farinha e gordura eram preparadas. Muitos pudins de sobremesa desse tipo lembram bolos, mas s\u00e3o mais \u00famidos e geralmente servidos em bocados numa tigela, em vez de fatias, acompanhado de manjar ou sorvete.<\/p>\n","protected":false},"excerpt":{"rendered":"<p>Os pudins de sobremesa desse tipo lembram bolos, mas s\u00e3o mais \u00famidos e geralmente servidos em bocados numa tigela, em vez de fatias, acompanhado de manjar ou sorvete.<\/p>\n","protected":false},"featured_media":6027,"template":"","meta":[],"product_brand":[],"product_cat":[156],"product_tag":[184],"class_list":{"0":"post-5055","1":"product","2":"type-product","3":"status-publish","4":"has-post-thumbnail","6":"product_cat-bolos-doces","7":"product_tag-sobremesa","9":"first","10":"instock","11":"shipping-taxable","12":"product-type-simple"},"_links":{"self":[{"href":"https:\/\/colonos.eco.br\/variedadesdositio\/wp-json\/wp\/v2\/product\/5055","targetHints":{"allow":["GET"]}}],"collection":[{"href":"https:\/\/colonos.eco.br\/variedadesdositio\/wp-json\/wp\/v2\/product"}],"about":[{"href":"https:\/\/colonos.eco.br\/variedadesdositio\/wp-json\/wp\/v2\/types\/product"}],"wp:featuredmedia":[{"embeddable":true,"href":"https:\/\/colonos.eco.br\/variedadesdositio\/wp-json\/wp\/v2\/media\/6027"}],"wp:attachment":[{"href":"https:\/\/colonos.eco.br\/variedadesdositio\/wp-json\/wp\/v2\/media?parent=5055"}],"wp:term":[{"taxonomy":"product_brand","embeddable":true,"href":"https:\/\/colonos.eco.br\/variedadesdositio\/wp-json\/wp\/v2\/product_brand?post=5055"},{"taxonomy":"product_cat","embeddable":true,"href":"https:\/\/colonos.eco.br\/variedadesdositio\/wp-json\/wp\/v2\/product_cat?post=5055"},{"taxonomy":"product_tag","embeddable":true,"href":"https:\/\/colonos.eco.br\/variedadesdositio\/wp-json\/wp\/v2\/product_tag?post=5055"}],"curies":[{"name":"wp","href":"https:\/\/api.w.org\/{rel}","templated":true}]}}