{"id":5056,"date":"2022-04-11T04:42:16","date_gmt":"2022-04-11T04:42:16","guid":{"rendered":"https:\/\/colonos.eco.br\/variedadesdositio\/produto\/pupunha\/"},"modified":"2025-06-18T12:25:21","modified_gmt":"2025-06-18T17:25:21","slug":"pupunha","status":"publish","type":"product","link":"https:\/\/colonos.eco.br\/variedadesdositio\/produto\/pupunha\/","title":{"rendered":"Pupunha"},"content":{"rendered":"<p>A fruta pupunha \u00e9 fonte importante de ferro, pot\u00e1ssio, c\u00e1lcio e fibras com grande concentra\u00e7\u00e3o de vitaminas A e C. Podem ser consumidos tamb\u00e9m na forma de farinha ou \u00f3leo comest\u00edveis. Pouco conhecida no Sul e Sudeste do Brasil, a pupunha \u00e9 uma fruta que faz bastante sucesso no Par\u00e1, Amazonas e em outros estados do Norte brasileiro, onde ela \u00e9 consumida de diversas formas: in natura, em doces, sucos e por a\u00ed vai. A fruta da pupunheira traz diversos benef\u00edcios para a sa\u00fade do nosso corpo. Pelo alto teor de vitaminas A e C em sua composi\u00e7\u00e3o ela \u00e9 capaz de ajudar na sa\u00fade dos olhos, principalmente na sua lubrifica\u00e7\u00e3o. Al\u00e9m disso, ela d\u00e1 assist\u00eancia \u00e0 nossa imunidade, estimulando a resist\u00eancia do nosso corpo contra invasores.<\/p>\n","protected":false},"excerpt":{"rendered":"<p>Os frutos da pupunheira, cozidos em \u00e1gua e sal, com um caf\u00e9 preto fresquinho \u00e9 a melhor pedida para um lanche da tarde. O fruto varia na cor da casca (amarelado, laranja, vermelho), no teor do \u00f3leo e no tamanho, al\u00e9m de existirem frutos sem sementes e t\u00eam um sabor adocicado sem igual.<\/p>\n","protected":false},"featured_media":6173,"template":"","meta":[],"product_brand":[],"product_cat":[152],"product_tag":[166],"class_list":{"0":"post-5056","1":"product","2":"type-product","3":"status-publish","4":"has-post-thumbnail","6":"product_cat-polpas-frutas","7":"product_tag-fruta","9":"first","10":"instock","11":"shipping-taxable","12":"product-type-simple"},"_links":{"self":[{"href":"https:\/\/colonos.eco.br\/variedadesdositio\/wp-json\/wp\/v2\/product\/5056","targetHints":{"allow":["GET"]}}],"collection":[{"href":"https:\/\/colonos.eco.br\/variedadesdositio\/wp-json\/wp\/v2\/product"}],"about":[{"href":"https:\/\/colonos.eco.br\/variedadesdositio\/wp-json\/wp\/v2\/types\/product"}],"wp:featuredmedia":[{"embeddable":true,"href":"https:\/\/colonos.eco.br\/variedadesdositio\/wp-json\/wp\/v2\/media\/6173"}],"wp:attachment":[{"href":"https:\/\/colonos.eco.br\/variedadesdositio\/wp-json\/wp\/v2\/media?parent=5056"}],"wp:term":[{"taxonomy":"product_brand","embeddable":true,"href":"https:\/\/colonos.eco.br\/variedadesdositio\/wp-json\/wp\/v2\/product_brand?post=5056"},{"taxonomy":"product_cat","embeddable":true,"href":"https:\/\/colonos.eco.br\/variedadesdositio\/wp-json\/wp\/v2\/product_cat?post=5056"},{"taxonomy":"product_tag","embeddable":true,"href":"https:\/\/colonos.eco.br\/variedadesdositio\/wp-json\/wp\/v2\/product_tag?post=5056"}],"curies":[{"name":"wp","href":"https:\/\/api.w.org\/{rel}","templated":true}]}}