{"id":5059,"date":"2022-04-11T04:42:16","date_gmt":"2022-04-11T04:42:16","guid":{"rendered":"https:\/\/colonos.eco.br\/variedadesdositio\/produto\/quiabo-em-conserva-g\/"},"modified":"2025-06-18T12:25:21","modified_gmt":"2025-06-18T17:25:21","slug":"quiabo-em-conserva-g","status":"publish","type":"product","link":"https:\/\/colonos.eco.br\/variedadesdositio\/produto\/quiabo-em-conserva-g\/","title":{"rendered":"Quiabo em conserva G"},"content":{"rendered":"<p>O quiabo \u00e9 um vegetal pobre em calorias e rico em fibras, sendo uma \u00f3tima op\u00e7\u00e3o para incluir em dietas de emagrecimento. Al\u00e9m disso, o quiabo tamb\u00e9m \u00e9 bastante utilizado para auxiliar no controle do diabetes, pois ajuda a regular os n\u00edveis de a\u00e7\u00facar no sangue. O quiabo \u00e9 bastante utilizado em pratos t\u00edpicos no Brasil, como o tradicional frango<\/p>\n","protected":false},"excerpt":{"rendered":"<p>O quiabo \u00e9 um vegetal pobre em calorias e rico em fibras, sendo uma \u00f3tima op\u00e7\u00e3o para incluir em dietas de emagrecimento.<\/p>\n","protected":false},"featured_media":0,"template":"","meta":[],"product_brand":[],"product_cat":[153],"product_tag":[168,170],"class_list":{"0":"post-5059","1":"product","2":"type-product","3":"status-publish","5":"product_cat-verduras-legumes","6":"product_tag-conserva","7":"product_tag-picles","9":"first","10":"instock","11":"shipping-taxable","12":"product-type-simple"},"_links":{"self":[{"href":"https:\/\/colonos.eco.br\/variedadesdositio\/wp-json\/wp\/v2\/product\/5059","targetHints":{"allow":["GET"]}}],"collection":[{"href":"https:\/\/colonos.eco.br\/variedadesdositio\/wp-json\/wp\/v2\/product"}],"about":[{"href":"https:\/\/colonos.eco.br\/variedadesdositio\/wp-json\/wp\/v2\/types\/product"}],"wp:attachment":[{"href":"https:\/\/colonos.eco.br\/variedadesdositio\/wp-json\/wp\/v2\/media?parent=5059"}],"wp:term":[{"taxonomy":"product_brand","embeddable":true,"href":"https:\/\/colonos.eco.br\/variedadesdositio\/wp-json\/wp\/v2\/product_brand?post=5059"},{"taxonomy":"product_cat","embeddable":true,"href":"https:\/\/colonos.eco.br\/variedadesdositio\/wp-json\/wp\/v2\/product_cat?post=5059"},{"taxonomy":"product_tag","embeddable":true,"href":"https:\/\/colonos.eco.br\/variedadesdositio\/wp-json\/wp\/v2\/product_tag?post=5059"}],"curies":[{"name":"wp","href":"https:\/\/api.w.org\/{rel}","templated":true}]}}