{"id":5060,"date":"2022-04-11T04:42:17","date_gmt":"2022-04-11T04:42:17","guid":{"rendered":"https:\/\/colonos.eco.br\/variedadesdositio\/produto\/rabo-de-tambaqui\/"},"modified":"2025-06-18T12:25:21","modified_gmt":"2025-06-18T17:25:21","slug":"rabo-de-tambaqui","status":"publish","type":"product","link":"https:\/\/colonos.eco.br\/variedadesdositio\/produto\/rabo-de-tambaqui\/","title":{"rendered":"Rabo de Tambaqui"},"content":{"rendered":"<p>O tambaqui (nome cient\u00edfico: Colossoma macropomum), tamb\u00e9m chamado de pacu vermelho, \u00e9 um peixe de \u00e1gua doce e de escamas com corpo romboidal, nadadeira adiposa curta com raios na extremidade; dentes molariformes e rastros branquiais longos e numerosos. Boca prognata pequena e forte com dentes molariformes. A colora\u00e7\u00e3o geralmente \u00e9 parda na metade superior e preta na metade inferior do corpo, mas pode variar para mais clara ou mais escura dependendo da cor da \u00e1gua. Os alevinos s\u00e3o cinza claro com manchas escuras espalhadas na metade superior do corpo. O tambaqui alcan\u00e7a cerca de 110 cm de comprimento total. Antigamente eram capturados.exemplares com at\u00e9 45 quilos.<\/p>\n","protected":false},"excerpt":{"rendered":"<p>O peixe \u00e9 rico em gorduras boas, prote\u00ednas, vitaminas, e tem propriedades antioxidantes e anti-inflamat\u00f3rias.<\/p>\n","protected":false},"featured_media":0,"template":"","meta":[],"product_brand":[],"product_cat":[157],"product_tag":[177],"class_list":{"0":"post-5060","1":"product","2":"type-product","3":"status-publish","5":"product_cat-carnes-peixes","6":"product_tag-pescado","8":"first","9":"instock","10":"shipping-taxable","11":"product-type-simple"},"_links":{"self":[{"href":"https:\/\/colonos.eco.br\/variedadesdositio\/wp-json\/wp\/v2\/product\/5060","targetHints":{"allow":["GET"]}}],"collection":[{"href":"https:\/\/colonos.eco.br\/variedadesdositio\/wp-json\/wp\/v2\/product"}],"about":[{"href":"https:\/\/colonos.eco.br\/variedadesdositio\/wp-json\/wp\/v2\/types\/product"}],"wp:attachment":[{"href":"https:\/\/colonos.eco.br\/variedadesdositio\/wp-json\/wp\/v2\/media?parent=5060"}],"wp:term":[{"taxonomy":"product_brand","embeddable":true,"href":"https:\/\/colonos.eco.br\/variedadesdositio\/wp-json\/wp\/v2\/product_brand?post=5060"},{"taxonomy":"product_cat","embeddable":true,"href":"https:\/\/colonos.eco.br\/variedadesdositio\/wp-json\/wp\/v2\/product_cat?post=5060"},{"taxonomy":"product_tag","embeddable":true,"href":"https:\/\/colonos.eco.br\/variedadesdositio\/wp-json\/wp\/v2\/product_tag?post=5060"}],"curies":[{"name":"wp","href":"https:\/\/api.w.org\/{rel}","templated":true}]}}