{"id":5061,"date":"2022-04-11T04:42:17","date_gmt":"2022-04-11T04:42:17","guid":{"rendered":"https:\/\/colonos.eco.br\/variedadesdositio\/produto\/requeijao-cremoso\/"},"modified":"2025-06-18T12:25:21","modified_gmt":"2025-06-18T17:25:21","slug":"requeijao-cremoso","status":"publish","type":"product","link":"https:\/\/colonos.eco.br\/variedadesdositio\/produto\/requeijao-cremoso\/","title":{"rendered":"Requeij\u00e3o Cremoso"},"content":{"rendered":"<p>O Requeij\u00e3o Cremoso \u00e9 um produto de origem brasileira, suave e delicioso, elaborado com leite selecionado dentro do mais rigoroso padr\u00e3o de qualidade. \u00c9 produzido a partir de massa rec\u00e9m-fabricada, leite e creme selecionado.<\/p>\n","protected":false},"excerpt":{"rendered":"<p>O Requeij\u00e3o Cremoso \u00e9 um produto de origem brasileira, suave e delicioso, elaborado com leite selecionado dentro do mais rigoroso padr\u00e3o de qualidade.<\/p>\n","protected":false},"featured_media":6034,"template":"","meta":[],"product_brand":[],"product_cat":[112],"product_tag":[179,203],"class_list":{"0":"post-5061","1":"product","2":"type-product","3":"status-publish","4":"has-post-thumbnail","6":"product_cat-leite-derivados","7":"product_tag-laticinio","8":"product_tag-queijo","10":"first","11":"instock","12":"shipping-taxable","13":"product-type-simple"},"_links":{"self":[{"href":"https:\/\/colonos.eco.br\/variedadesdositio\/wp-json\/wp\/v2\/product\/5061","targetHints":{"allow":["GET"]}}],"collection":[{"href":"https:\/\/colonos.eco.br\/variedadesdositio\/wp-json\/wp\/v2\/product"}],"about":[{"href":"https:\/\/colonos.eco.br\/variedadesdositio\/wp-json\/wp\/v2\/types\/product"}],"wp:featuredmedia":[{"embeddable":true,"href":"https:\/\/colonos.eco.br\/variedadesdositio\/wp-json\/wp\/v2\/media\/6034"}],"wp:attachment":[{"href":"https:\/\/colonos.eco.br\/variedadesdositio\/wp-json\/wp\/v2\/media?parent=5061"}],"wp:term":[{"taxonomy":"product_brand","embeddable":true,"href":"https:\/\/colonos.eco.br\/variedadesdositio\/wp-json\/wp\/v2\/product_brand?post=5061"},{"taxonomy":"product_cat","embeddable":true,"href":"https:\/\/colonos.eco.br\/variedadesdositio\/wp-json\/wp\/v2\/product_cat?post=5061"},{"taxonomy":"product_tag","embeddable":true,"href":"https:\/\/colonos.eco.br\/variedadesdositio\/wp-json\/wp\/v2\/product_tag?post=5061"}],"curies":[{"name":"wp","href":"https:\/\/api.w.org\/{rel}","templated":true}]}}