{"id":5062,"date":"2022-04-11T04:42:17","date_gmt":"2022-04-11T04:42:17","guid":{"rendered":"https:\/\/colonos.eco.br\/variedadesdositio\/produto\/rucula\/"},"modified":"2025-06-18T12:25:21","modified_gmt":"2025-06-18T17:25:21","slug":"rucula","status":"publish","type":"product","link":"https:\/\/colonos.eco.br\/variedadesdositio\/produto\/rucula\/","title":{"rendered":"R\u00facula"},"content":{"rendered":"<p>A r\u00facula \u00e9 um vegetal verde-escuro rico em vitaminas A e C e compostos fen\u00f3licos, como lute\u00edna e zeaxantina, com propriedades antioxidantes e anti-inflamat\u00f3rias, que ajudam a melhorar a sa\u00fade dos olhos, controlar os n\u00edveis de a\u00e7\u00facar no sangue e a prevenir o desenvolvimento de doen\u00e7as cardiovasculares.<\/p>\n","protected":false},"excerpt":{"rendered":"<p>A r\u00facula \u00e9 um vegetal verde-escuro rico em vitaminas A e C e compostos fen\u00f3licos.<\/p>\n","protected":false},"featured_media":6037,"template":"","meta":[],"product_brand":[],"product_cat":[153],"product_tag":[178,187],"class_list":{"0":"post-5062","1":"product","2":"type-product","3":"status-publish","4":"has-post-thumbnail","6":"product_cat-verduras-legumes","7":"product_tag-folha","8":"product_tag-salada","10":"first","11":"instock","12":"shipping-taxable","13":"purchasable","14":"product-type-simple"},"_links":{"self":[{"href":"https:\/\/colonos.eco.br\/variedadesdositio\/wp-json\/wp\/v2\/product\/5062","targetHints":{"allow":["GET"]}}],"collection":[{"href":"https:\/\/colonos.eco.br\/variedadesdositio\/wp-json\/wp\/v2\/product"}],"about":[{"href":"https:\/\/colonos.eco.br\/variedadesdositio\/wp-json\/wp\/v2\/types\/product"}],"wp:featuredmedia":[{"embeddable":true,"href":"https:\/\/colonos.eco.br\/variedadesdositio\/wp-json\/wp\/v2\/media\/6037"}],"wp:attachment":[{"href":"https:\/\/colonos.eco.br\/variedadesdositio\/wp-json\/wp\/v2\/media?parent=5062"}],"wp:term":[{"taxonomy":"product_brand","embeddable":true,"href":"https:\/\/colonos.eco.br\/variedadesdositio\/wp-json\/wp\/v2\/product_brand?post=5062"},{"taxonomy":"product_cat","embeddable":true,"href":"https:\/\/colonos.eco.br\/variedadesdositio\/wp-json\/wp\/v2\/product_cat?post=5062"},{"taxonomy":"product_tag","embeddable":true,"href":"https:\/\/colonos.eco.br\/variedadesdositio\/wp-json\/wp\/v2\/product_tag?post=5062"}],"curies":[{"name":"wp","href":"https:\/\/api.w.org\/{rel}","templated":true}]}}