{"id":5063,"date":"2022-04-11T04:42:17","date_gmt":"2022-04-11T04:42:17","guid":{"rendered":"https:\/\/colonos.eco.br\/variedadesdositio\/produto\/salsa\/"},"modified":"2025-06-18T12:25:21","modified_gmt":"2025-06-18T17:25:21","slug":"salsa","status":"publish","type":"product","link":"https:\/\/colonos.eco.br\/variedadesdositio\/produto\/salsa\/","title":{"rendered":"Salsa"},"content":{"rendered":"<p>\u200bA Salsa, tamb\u00e9m conhecida como Salsinha, Salsa-comum, Salsa-de-comer ou Salsa-hortense, \u00e9 uma planta medicinal muito utilizada no tratamento de doen\u00e7as renais, como infec\u00e7\u00e3o urin\u00e1ria e pedras nos rins, e no tratamento de problemas como gases intestinais, pris\u00e3o de ventre e retens\u00e3o de l\u00edquidos. Tanto as suas folhas quanto as suas sementes e ra\u00edzes s\u00e3o utilizadas para fazer rem\u00e9dios naturais, al\u00e9m de poderem ser utilizadas como tempero na culin\u00e1ria.<\/p>\n","protected":false},"excerpt":{"rendered":"<p>A erva pode ser utilizada em saladas, molhos para todos os tipos de carnes, massas, sopas, pescados e legumes.<\/p>\n","protected":false},"featured_media":6040,"template":"","meta":[],"product_brand":[],"product_cat":[91],"product_tag":[193,205,93],"class_list":{"0":"post-5063","1":"product","2":"type-product","3":"status-publish","4":"has-post-thumbnail","6":"product_cat-ervas-temperos","7":"product_tag-erva","8":"product_tag-fresco","9":"product_tag-tempero","11":"first","12":"instock","13":"shipping-taxable","14":"purchasable","15":"product-type-simple"},"_links":{"self":[{"href":"https:\/\/colonos.eco.br\/variedadesdositio\/wp-json\/wp\/v2\/product\/5063","targetHints":{"allow":["GET"]}}],"collection":[{"href":"https:\/\/colonos.eco.br\/variedadesdositio\/wp-json\/wp\/v2\/product"}],"about":[{"href":"https:\/\/colonos.eco.br\/variedadesdositio\/wp-json\/wp\/v2\/types\/product"}],"wp:featuredmedia":[{"embeddable":true,"href":"https:\/\/colonos.eco.br\/variedadesdositio\/wp-json\/wp\/v2\/media\/6040"}],"wp:attachment":[{"href":"https:\/\/colonos.eco.br\/variedadesdositio\/wp-json\/wp\/v2\/media?parent=5063"}],"wp:term":[{"taxonomy":"product_brand","embeddable":true,"href":"https:\/\/colonos.eco.br\/variedadesdositio\/wp-json\/wp\/v2\/product_brand?post=5063"},{"taxonomy":"product_cat","embeddable":true,"href":"https:\/\/colonos.eco.br\/variedadesdositio\/wp-json\/wp\/v2\/product_cat?post=5063"},{"taxonomy":"product_tag","embeddable":true,"href":"https:\/\/colonos.eco.br\/variedadesdositio\/wp-json\/wp\/v2\/product_tag?post=5063"}],"curies":[{"name":"wp","href":"https:\/\/api.w.org\/{rel}","templated":true}]}}